{"id":10171,"date":"2024-06-20T19:16:03","date_gmt":"2024-06-20T17:16:03","guid":{"rendered":"https:\/\/comiteoisett.fr\/?page_id=10171"},"modified":"2025-07-13T12:05:24","modified_gmt":"2025-07-13T10:05:24","slug":"championnat-feminin","status":"publish","type":"page","link":"https:\/\/comiteoisett.fr\/index.php\/championnat-feminin\/","title":{"rendered":"Championnat F\u00e9minin"},"content":{"rendered":"\t\t<div data-elementor-type=\"wp-page\" data-elementor-id=\"10171\" class=\"elementor elementor-10171\">\n\t\t\t\t\t\t\t\t\t<section class=\"elementor-section elementor-top-section elementor-element elementor-element-bf27963 elementor-section-boxed elementor-section-height-default elementor-section-height-default\" data-id=\"bf27963\" data-element_type=\"section\">\n\t\t\t\t\t\t<div class=\"elementor-container elementor-column-gap-default\">\n\t\t\t\t\t<div class=\"elementor-column elementor-col-33 elementor-top-column elementor-element elementor-element-de16aa4\" data-id=\"de16aa4\" data-element_type=\"column\">\n\t\t\t<div class=\"elementor-widget-wrap elementor-element-populated\">\n\t\t\t\t\t\t\t\t<div class=\"elementor-element elementor-element-ce7e28a elementor-widget elementor-widget-image\" data-id=\"ce7e28a\" data-element_type=\"widget\" data-widget_type=\"image.default\">\n\t\t\t\t<div class=\"elementor-widget-container\">\n\t\t\t<style>\/*! elementor - v3.7.4 - 31-08-2022 *\/\n.elementor-widget-image{text-align:center}.elementor-widget-image a{display:inline-block}.elementor-widget-image a img[src$=\".svg\"]{width:48px}.elementor-widget-image img{vertical-align:middle;display:inline-block}<\/style>\t\t\t\t\t\t\t\t\t\t\t\t<img decoding=\"async\" src=\"https:\/\/comiteoisett.fr\/wp-content\/uploads\/2024\/06\/Chpt-Feminin.png\" title=\"Chpt F\u00e9minin\" alt=\"Chpt F\u00e9minin\" \/>\t\t\t\t\t\t\t\t\t\t\t\t\t\t\t<\/div>\n\t\t\t\t<\/div>\n\t\t\t\t\t<\/div>\n\t\t<\/div>\n\t\t\t\t<div class=\"elementor-column elementor-col-33 elementor-top-column elementor-element elementor-element-20e3098\" data-id=\"20e3098\" data-element_type=\"column\">\n\t\t\t<div class=\"elementor-widget-wrap elementor-element-populated\">\n\t\t\t\t\t\t\t\t<div class=\"elementor-element elementor-element-6458793 elementor-widget elementor-widget-text-editor\" data-id=\"6458793\" data-element_type=\"widget\" data-widget_type=\"text-editor.default\">\n\t\t\t\t<div class=\"elementor-widget-container\">\n\t\t\t<style>\/*! elementor - v3.7.4 - 31-08-2022 *\/\n.elementor-widget-text-editor.elementor-drop-cap-view-stacked .elementor-drop-cap{background-color:#818a91;color:#fff}.elementor-widget-text-editor.elementor-drop-cap-view-framed .elementor-drop-cap{color:#818a91;border:3px solid;background-color:transparent}.elementor-widget-text-editor:not(.elementor-drop-cap-view-default) .elementor-drop-cap{margin-top:8px}.elementor-widget-text-editor:not(.elementor-drop-cap-view-default) .elementor-drop-cap-letter{width:1em;height:1em}.elementor-widget-text-editor .elementor-drop-cap{float:left;text-align:center;line-height:1;font-size:50px}.elementor-widget-text-editor .elementor-drop-cap-letter{display:inline-block}<\/style>\t\t\t\t<p style=\"text-align: center;\"><a href=\"https:\/\/comiteoisett.fr\/wp-content\/uploads\/2024\/08\/2024-08-Reglement-Championnat-par-equipes-feminin-maj-06.08.2024.pdf\"><strong>R\u00e8glement du Championnat F\u00e9minin (sp\u00e9cifique Comit\u00e9 Oise)<\/strong><\/a><\/p>\t\t\t\t\t\t<\/div>\n\t\t\t\t<\/div>\n\t\t\t\t\t<\/div>\n\t\t<\/div>\n\t\t\t\t<div class=\"elementor-column elementor-col-33 elementor-top-column elementor-element elementor-element-89136e9\" data-id=\"89136e9\" data-element_type=\"column\">\n\t\t\t<div class=\"elementor-widget-wrap elementor-element-populated\">\n\t\t\t\t\t\t\t\t<div class=\"elementor-element elementor-element-dcab4f4 elementor-widget elementor-widget-text-editor\" data-id=\"dcab4f4\" data-element_type=\"widget\" data-widget_type=\"text-editor.default\">\n\t\t\t\t<div class=\"elementor-widget-container\">\n\t\t\t\t\t\t\t<p style=\"text-align: center;\"><strong style=\"font-style: inherit; color: var( --e-global-color-text ); font-family: var( --e-global-typography-text-font-family ), Sans-serif; background-color: var(--ast-global-color-5);\"><span style=\"color: #ff0000;\">Responsables de la comp\u00e9tition :\u00a0<\/span><\/strong><\/p><p style=\"text-align: center;\"><strong>Julien LAPERSONNE<\/strong> : <a href=\"mailto:julien.lapersonne@comiteoisett.fr\">julien.lapersonne@comiteoisett.fr<\/a> &#8211; 06.70.86.96.56<\/p><p style=\"text-align: center;\"><strong>Michael SELLIER : <\/strong>\u00a0<a href=\"mailto:michael.sellier@comiteoisett.fr\">michael.sellier@comiteoisett.fr <\/a>&#8211; 06.50.52.09.11<\/p>\t\t\t\t\t\t<\/div>\n\t\t\t\t<\/div>\n\t\t\t\t\t<\/div>\n\t\t<\/div>\n\t\t\t\t\t\t\t<\/div>\n\t\t<\/section>\n\t\t\t\t<section class=\"elementor-section elementor-top-section elementor-element elementor-element-f31d06e elementor-section-boxed elementor-section-height-default elementor-section-height-default\" data-id=\"f31d06e\" data-element_type=\"section\">\n\t\t\t\t\t\t<div class=\"elementor-container elementor-column-gap-default\">\n\t\t\t\t\t<div class=\"elementor-column elementor-col-100 elementor-top-column elementor-element elementor-element-e55d231\" data-id=\"e55d231\" data-element_type=\"column\">\n\t\t\t<div class=\"elementor-widget-wrap elementor-element-populated\">\n\t\t\t\t\t\t\t\t<div class=\"elementor-element elementor-element-e80963d elementor-widget-divider--view-line elementor-widget elementor-widget-divider\" data-id=\"e80963d\" data-element_type=\"widget\" data-widget_type=\"divider.default\">\n\t\t\t\t<div class=\"elementor-widget-container\">\n\t\t\t<style>\/*! elementor - v3.7.4 - 31-08-2022 *\/\n.elementor-widget-divider{--divider-border-style:none;--divider-border-width:1px;--divider-color:#2c2c2c;--divider-icon-size:20px;--divider-element-spacing:10px;--divider-pattern-height:24px;--divider-pattern-size:20px;--divider-pattern-url:none;--divider-pattern-repeat:repeat-x}.elementor-widget-divider .elementor-divider{display:-webkit-box;display:-ms-flexbox;display:flex}.elementor-widget-divider .elementor-divider__text{font-size:15px;line-height:1;max-width:95%}.elementor-widget-divider .elementor-divider__element{margin:0 var(--divider-element-spacing);-ms-flex-negative:0;flex-shrink:0}.elementor-widget-divider .elementor-icon{font-size:var(--divider-icon-size)}.elementor-widget-divider .elementor-divider-separator{display:-webkit-box;display:-ms-flexbox;display:flex;margin:0;direction:ltr}.elementor-widget-divider--view-line_icon .elementor-divider-separator,.elementor-widget-divider--view-line_text .elementor-divider-separator{-webkit-box-align:center;-ms-flex-align:center;align-items:center}.elementor-widget-divider--view-line_icon .elementor-divider-separator:after,.elementor-widget-divider--view-line_icon .elementor-divider-separator:before,.elementor-widget-divider--view-line_text .elementor-divider-separator:after,.elementor-widget-divider--view-line_text .elementor-divider-separator:before{display:block;content:\"\";border-bottom:0;-webkit-box-flex:1;-ms-flex-positive:1;flex-grow:1;border-top:var(--divider-border-width) var(--divider-border-style) var(--divider-color)}.elementor-widget-divider--element-align-left .elementor-divider .elementor-divider-separator>.elementor-divider__svg:first-of-type{-webkit-box-flex:0;-ms-flex-positive:0;flex-grow:0;-ms-flex-negative:100;flex-shrink:100}.elementor-widget-divider--element-align-left .elementor-divider-separator:before{content:none}.elementor-widget-divider--element-align-left .elementor-divider__element{margin-left:0}.elementor-widget-divider--element-align-right .elementor-divider .elementor-divider-separator>.elementor-divider__svg:last-of-type{-webkit-box-flex:0;-ms-flex-positive:0;flex-grow:0;-ms-flex-negative:100;flex-shrink:100}.elementor-widget-divider--element-align-right .elementor-divider-separator:after{content:none}.elementor-widget-divider--element-align-right .elementor-divider__element{margin-right:0}.elementor-widget-divider:not(.elementor-widget-divider--view-line_text):not(.elementor-widget-divider--view-line_icon) .elementor-divider-separator{border-top:var(--divider-border-width) var(--divider-border-style) var(--divider-color)}.elementor-widget-divider--separator-type-pattern{--divider-border-style:none}.elementor-widget-divider--separator-type-pattern.elementor-widget-divider--view-line .elementor-divider-separator,.elementor-widget-divider--separator-type-pattern:not(.elementor-widget-divider--view-line) .elementor-divider-separator:after,.elementor-widget-divider--separator-type-pattern:not(.elementor-widget-divider--view-line) .elementor-divider-separator:before,.elementor-widget-divider--separator-type-pattern:not([class*=elementor-widget-divider--view]) .elementor-divider-separator{width:100%;min-height:var(--divider-pattern-height);-webkit-mask-size:var(--divider-pattern-size) 100%;mask-size:var(--divider-pattern-size) 100%;-webkit-mask-repeat:var(--divider-pattern-repeat);mask-repeat:var(--divider-pattern-repeat);background-color:var(--divider-color);-webkit-mask-image:var(--divider-pattern-url);mask-image:var(--divider-pattern-url)}.elementor-widget-divider--no-spacing{--divider-pattern-size:auto}.elementor-widget-divider--bg-round{--divider-pattern-repeat:round}.rtl .elementor-widget-divider .elementor-divider__text{direction:rtl}.e-container>.elementor-widget-divider{width:var(--container-widget-width,100%);--flex-grow:var(--container-widget-flex-grow,0)}<\/style>\t\t<div class=\"elementor-divider\">\n\t\t\t<span class=\"elementor-divider-separator\">\n\t\t\t\t\t\t<\/span>\n\t\t<\/div>\n\t\t\t\t<\/div>\n\t\t\t\t<\/div>\n\t\t\t\t\t<\/div>\n\t\t<\/div>\n\t\t\t\t\t\t\t<\/div>\n\t\t<\/section>\n\t\t\t\t<section class=\"elementor-section elementor-top-section elementor-element elementor-element-872830a elementor-section-boxed elementor-section-height-default elementor-section-height-default\" data-id=\"872830a\" data-element_type=\"section\">\n\t\t\t\t\t\t<div class=\"elementor-container elementor-column-gap-default\">\n\t\t\t\t\t<div class=\"elementor-column elementor-col-100 elementor-top-column elementor-element elementor-element-2944c0d\" data-id=\"2944c0d\" data-element_type=\"column\">\n\t\t\t<div class=\"elementor-widget-wrap elementor-element-populated\">\n\t\t\t\t\t\t\t\t<div class=\"elementor-element elementor-element-4ef0dfd elementor-widget elementor-widget-text-editor\" data-id=\"4ef0dfd\" data-element_type=\"widget\" data-widget_type=\"text-editor.default\">\n\t\t\t\t<div class=\"elementor-widget-container\">\n\t\t\t\t\t\t\t<p style=\"text-align: center;\">Voici les grandes lignes du r\u00e8glement du <strong><span style=\"color: #ff0000;\">Championnat F\u00e9minin<\/span><\/strong><\/p>\t\t\t\t\t\t<\/div>\n\t\t\t\t<\/div>\n\t\t\t\t\t<\/div>\n\t\t<\/div>\n\t\t\t\t\t\t\t<\/div>\n\t\t<\/section>\n\t\t\t\t<section class=\"elementor-section elementor-top-section elementor-element elementor-element-1015bad elementor-section-boxed elementor-section-height-default elementor-section-height-default\" data-id=\"1015bad\" data-element_type=\"section\">\n\t\t\t\t\t\t<div class=\"elementor-container elementor-column-gap-default\">\n\t\t\t\t\t<div class=\"elementor-column elementor-col-33 elementor-top-column elementor-element elementor-element-1cea12a\" data-id=\"1cea12a\" data-element_type=\"column\">\n\t\t\t<div class=\"elementor-widget-wrap\">\n\t\t\t\t\t\t\t\t\t<\/div>\n\t\t<\/div>\n\t\t\t\t<div class=\"elementor-column elementor-col-33 elementor-top-column elementor-element elementor-element-81e4861\" data-id=\"81e4861\" data-element_type=\"column\">\n\t\t\t<div class=\"elementor-widget-wrap elementor-element-populated\">\n\t\t\t\t\t\t\t\t<div class=\"elementor-element elementor-element-5427bad elementor-widget elementor-widget-text-editor\" data-id=\"5427bad\" data-element_type=\"widget\" data-widget_type=\"text-editor.default\">\n\t\t\t\t<div class=\"elementor-widget-container\">\n\t\t\t\t\t\t\t<p><span style=\"color: #ff0000;\"><strong>Composition des \u00e9quipes\u00a0:<\/strong><\/span><\/p><ul><li>Une \u00e9quipe est compos\u00e9e de 3 joueuses \u00e0 partir de benjamines<\/li><li>Une \u00e9quipe peut \u00eatre constitu\u00e9e de joueuses de plusieurs clubs de l\u2019Oise (3 maximum)<\/li><\/ul><p><span style=\"color: #ff0000;\"><strong>Inscriptions\u00a0:<\/strong><\/span><\/p><ul><li>Un minimum de 4 \u00e9quipes inscrites est n\u00e9cessaire pour lancer le championnat<\/li><li>Les \u00e9quipes mixtes choisiront le club qui sera r\u00e9f\u00e9renc\u00e9 pour le compte-club (Inscriptions et Amendes)<\/li><\/ul><p><span style=\"color: #ff0000;\"><strong>D\u00e9roulement de la comp\u00e9tition\u00a0:<\/strong><\/span><\/p><ul><li>1 ou plusieurs poules de 8 seront construites<\/li><li>Le championnat f\u00e9minin est calqu\u00e9 sur les dates du calendrier du Championnat par \u00e9quipe d\u00e9partemental<\/li><li>Si le nombre d\u2019\u00e9quipes varient entre 4 et 7, les 3, 4, 5 ou 6 journ\u00e9es seront plac\u00e9es de mani\u00e8re \u00e0 \u00eatre \u00e9tal\u00e9es dans le calendrier<\/li><li>La phase 1 verra les rencontres \u00ab\u00a0Aller\u00a0\u00bb et la phase 2 les rencontres \u00ab\u00a0retour\u00a0\u00bb<\/li><li>Une rencontre est compos\u00e9e de 9 simples et 1 double sur 2 tables<\/li><li>L\u2019ordre des parties est le suivant\u00a0: AX-BY-CZ-BX-double-AZ-CY-BZ-CX-AY<\/li><li>Le placement des joueuses est libre sur la feuille de rencontre ainsi que pour la constitution du double<\/li><\/ul><ul><li>Les rencontres se d\u00e9rouleront le vendredi \u00e0 19h (pour laisser les filles jouer dans le championnat d\u00e9partemental le samedi ou le dimanche) avec la possibilit\u00e9 de d\u00e9caler la rencontre \u00e0 condition que celle-ci soit disput\u00e9e avant le dimanche 20h de la journ\u00e9e concern\u00e9e\u00a0<\/li><\/ul>\t\t\t\t\t\t<\/div>\n\t\t\t\t<\/div>\n\t\t\t\t\t<\/div>\n\t\t<\/div>\n\t\t\t\t<div class=\"elementor-column elementor-col-33 elementor-top-column elementor-element elementor-element-6bf58a4\" data-id=\"6bf58a4\" data-element_type=\"column\">\n\t\t\t<div class=\"elementor-widget-wrap\">\n\t\t\t\t\t\t\t\t\t<\/div>\n\t\t<\/div>\n\t\t\t\t\t\t\t<\/div>\n\t\t<\/section>\n\t\t\t\t<section class=\"elementor-section elementor-top-section elementor-element elementor-element-3a36160 elementor-section-boxed elementor-section-height-default elementor-section-height-default\" data-id=\"3a36160\" data-element_type=\"section\">\n\t\t\t\t\t\t<div class=\"elementor-container elementor-column-gap-default\">\n\t\t\t\t\t<div class=\"elementor-column elementor-col-100 elementor-top-column elementor-element elementor-element-e98a8d2\" data-id=\"e98a8d2\" data-element_type=\"column\">\n\t\t\t<div class=\"elementor-widget-wrap elementor-element-populated\">\n\t\t\t\t\t\t\t\t<div class=\"elementor-element elementor-element-1a52ee9 elementor-widget-divider--view-line elementor-widget elementor-widget-divider\" data-id=\"1a52ee9\" data-element_type=\"widget\" data-widget_type=\"divider.default\">\n\t\t\t\t<div class=\"elementor-widget-container\">\n\t\t\t\t\t<div class=\"elementor-divider\">\n\t\t\t<span class=\"elementor-divider-separator\">\n\t\t\t\t\t\t<\/span>\n\t\t<\/div>\n\t\t\t\t<\/div>\n\t\t\t\t<\/div>\n\t\t\t\t\t<\/div>\n\t\t<\/div>\n\t\t\t\t\t\t\t<\/div>\n\t\t<\/section>\n\t\t\t\t<section class=\"elementor-section elementor-top-section elementor-element elementor-element-ab8acf4 elementor-section-boxed elementor-section-height-default elementor-section-height-default\" data-id=\"ab8acf4\" data-element_type=\"section\">\n\t\t\t\t\t\t<div class=\"elementor-container elementor-column-gap-default\">\n\t\t\t\t\t<div class=\"elementor-column elementor-col-33 elementor-top-column elementor-element elementor-element-c61d70b\" data-id=\"c61d70b\" data-element_type=\"column\">\n\t\t\t<div class=\"elementor-widget-wrap elementor-element-populated\">\n\t\t\t\t\t\t\t\t<div class=\"elementor-element elementor-element-99f39d7 elementor-widget elementor-widget-text-editor\" data-id=\"99f39d7\" data-element_type=\"widget\" data-widget_type=\"text-editor.default\">\n\t\t\t\t<div class=\"elementor-widget-container\">\n\t\t\t\t\t\t\t<p><a href=\"https:\/\/comiteoisett.fr\/wp-content\/uploads\/2025\/07\/2025-07-Championnat-Feminin-Resultats-Saison-2024-2025.pdf\">Bilan de la saison 2024-2025<\/a> !<\/p>\t\t\t\t\t\t<\/div>\n\t\t\t\t<\/div>\n\t\t\t\t\t<\/div>\n\t\t<\/div>\n\t\t\t\t<div class=\"elementor-column elementor-col-33 elementor-top-column elementor-element elementor-element-db39988\" data-id=\"db39988\" data-element_type=\"column\">\n\t\t\t<div class=\"elementor-widget-wrap elementor-element-populated\">\n\t\t\t\t\t\t\t\t<div class=\"elementor-element elementor-element-0f248c4 elementor-widget elementor-widget-image\" data-id=\"0f248c4\" data-element_type=\"widget\" data-widget_type=\"image.default\">\n\t\t\t\t<div class=\"elementor-widget-container\">\n\t\t\t\t\t\t\t\t\t\t\t\t\t\t\t<img loading=\"lazy\" decoding=\"async\" width=\"1024\" height=\"768\" src=\"https:\/\/comiteoisett.fr\/wp-content\/uploads\/2025\/07\/2024-2025-Championnat-Feminin-6-1024x768.jpg\" class=\"attachment-large size-large\" alt=\"\" srcset=\"https:\/\/comiteoisett.fr\/wp-content\/uploads\/2025\/07\/2024-2025-Championnat-Feminin-6-1024x768.jpg 1024w, https:\/\/comiteoisett.fr\/wp-content\/uploads\/2025\/07\/2024-2025-Championnat-Feminin-6-300x225.jpg 300w, https:\/\/comiteoisett.fr\/wp-content\/uploads\/2025\/07\/2024-2025-Championnat-Feminin-6-768x576.jpg 768w, https:\/\/comiteoisett.fr\/wp-content\/uploads\/2025\/07\/2024-2025-Championnat-Feminin-6-1536x1152.jpg 1536w, https:\/\/comiteoisett.fr\/wp-content\/uploads\/2025\/07\/2024-2025-Championnat-Feminin-6.jpg 2048w\" sizes=\"auto, (max-width: 1024px) 100vw, 1024px\" \/>\t\t\t\t\t\t\t\t\t\t\t\t\t\t\t<\/div>\n\t\t\t\t<\/div>\n\t\t\t\t\t<\/div>\n\t\t<\/div>\n\t\t\t\t<div class=\"elementor-column elementor-col-33 elementor-top-column elementor-element elementor-element-178ec2f\" data-id=\"178ec2f\" data-element_type=\"column\">\n\t\t\t<div class=\"elementor-widget-wrap elementor-element-populated\">\n\t\t\t\t\t\t\t\t<div class=\"elementor-element elementor-element-d672c1c elementor-widget elementor-widget-image\" data-id=\"d672c1c\" data-element_type=\"widget\" data-widget_type=\"image.default\">\n\t\t\t\t<div class=\"elementor-widget-container\">\n\t\t\t\t\t\t\t\t\t\t\t\t\t\t\t<img loading=\"lazy\" decoding=\"async\" width=\"1024\" height=\"683\" src=\"https:\/\/comiteoisett.fr\/wp-content\/uploads\/2025\/07\/2024-2025-Championnat-Feminin-3-1024x683.jpg\" class=\"attachment-large size-large\" alt=\"\" srcset=\"https:\/\/comiteoisett.fr\/wp-content\/uploads\/2025\/07\/2024-2025-Championnat-Feminin-3-1024x683.jpg 1024w, https:\/\/comiteoisett.fr\/wp-content\/uploads\/2025\/07\/2024-2025-Championnat-Feminin-3-300x200.jpg 300w, https:\/\/comiteoisett.fr\/wp-content\/uploads\/2025\/07\/2024-2025-Championnat-Feminin-3-768x512.jpg 768w, https:\/\/comiteoisett.fr\/wp-content\/uploads\/2025\/07\/2024-2025-Championnat-Feminin-3-1536x1024.jpg 1536w, https:\/\/comiteoisett.fr\/wp-content\/uploads\/2025\/07\/2024-2025-Championnat-Feminin-3.jpg 2048w\" sizes=\"auto, (max-width: 1024px) 100vw, 1024px\" \/>\t\t\t\t\t\t\t\t\t\t\t\t\t\t\t<\/div>\n\t\t\t\t<\/div>\n\t\t\t\t\t<\/div>\n\t\t<\/div>\n\t\t\t\t\t\t\t<\/div>\n\t\t<\/section>\n\t\t\t\t\t\t\t<\/div>\n\t\t","protected":false},"excerpt":{"rendered":"<p>R\u00e8glement du Championnat F\u00e9minin (sp\u00e9cifique Comit\u00e9 Oise) Responsables de la comp\u00e9tition :\u00a0 Julien LAPERSONNE : julien.lapersonne@comiteoisett.fr &#8211; 06.70.86.96.56 Michael SELLIER : \u00a0michael.sellier@comiteoisett.fr &#8211; 06.50.52.09.11 Voici les grandes lignes du r\u00e8glement du Championnat F\u00e9minin Composition des \u00e9quipes\u00a0: Une \u00e9quipe est compos\u00e9e de 3 joueuses \u00e0 partir de benjamines Une \u00e9quipe peut \u00eatre constitu\u00e9e de joueuses de &hellip;<\/p>\n<p class=\"read-more\"> <a class=\"\" href=\"https:\/\/comiteoisett.fr\/index.php\/championnat-feminin\/\"> <span class=\"screen-reader-text\">Championnat F\u00e9minin<\/span> Lire la suite\u00a0\u00bb<\/a><\/p>\n","protected":false},"author":2,"featured_media":0,"parent":0,"menu_order":0,"comment_status":"closed","ping_status":"closed","template":"","meta":{"site-sidebar-layout":"no-sidebar","site-content-layout":"page-builder","ast-global-header-display":"","ast-main-header-display":"","ast-hfb-above-header-display":"","ast-hfb-below-header-display":"","ast-hfb-mobile-header-display":"","site-post-title":"disabled","ast-breadcrumbs-content":"","ast-featured-img":"disabled","footer-sml-layout":"","theme-transparent-header-meta":"","adv-header-id-meta":"","stick-header-meta":"","header-above-stick-meta":"","header-main-stick-meta":"","header-below-stick-meta":"","footnotes":""},"class_list":["post-10171","page","type-page","status-publish","hentry"],"_links":{"self":[{"href":"https:\/\/comiteoisett.fr\/index.php\/wp-json\/wp\/v2\/pages\/10171","targetHints":{"allow":["GET"]}}],"collection":[{"href":"https:\/\/comiteoisett.fr\/index.php\/wp-json\/wp\/v2\/pages"}],"about":[{"href":"https:\/\/comiteoisett.fr\/index.php\/wp-json\/wp\/v2\/types\/page"}],"author":[{"embeddable":true,"href":"https:\/\/comiteoisett.fr\/index.php\/wp-json\/wp\/v2\/users\/2"}],"replies":[{"embeddable":true,"href":"https:\/\/comiteoisett.fr\/index.php\/wp-json\/wp\/v2\/comments?post=10171"}],"version-history":[{"count":67,"href":"https:\/\/comiteoisett.fr\/index.php\/wp-json\/wp\/v2\/pages\/10171\/revisions"}],"predecessor-version":[{"id":14521,"href":"https:\/\/comiteoisett.fr\/index.php\/wp-json\/wp\/v2\/pages\/10171\/revisions\/14521"}],"wp:attachment":[{"href":"https:\/\/comiteoisett.fr\/index.php\/wp-json\/wp\/v2\/media?parent=10171"}],"curies":[{"name":"wp","href":"https:\/\/api.w.org\/{rel}","templated":true}]}}