{"id":10997,"date":"2024-07-30T22:30:35","date_gmt":"2024-07-30T20:30:35","guid":{"rendered":"https:\/\/comiteoisett.fr\/?page_id=10997"},"modified":"2025-05-20T00:33:31","modified_gmt":"2025-05-19T22:33:31","slug":"pack-communication","status":"publish","type":"page","link":"https:\/\/comiteoisett.fr\/index.php\/pack-communication\/","title":{"rendered":"Pack communication"},"content":{"rendered":"\t\t<div data-elementor-type=\"wp-page\" data-elementor-id=\"10997\" class=\"elementor elementor-10997\">\n\t\t\t\t\t\t\t\t\t<section class=\"elementor-section elementor-top-section elementor-element elementor-element-8d2b94e elementor-section-boxed elementor-section-height-default elementor-section-height-default\" data-id=\"8d2b94e\" data-element_type=\"section\">\n\t\t\t\t\t\t<div class=\"elementor-container elementor-column-gap-default\">\n\t\t\t\t\t<div class=\"elementor-column elementor-col-100 elementor-top-column elementor-element elementor-element-cec0d90\" data-id=\"cec0d90\" data-element_type=\"column\">\n\t\t\t<div class=\"elementor-widget-wrap elementor-element-populated\">\n\t\t\t\t\t\t\t\t<div class=\"elementor-element elementor-element-3f7def8 elementor-widget-divider--view-line elementor-widget elementor-widget-divider\" data-id=\"3f7def8\" data-element_type=\"widget\" data-widget_type=\"divider.default\">\n\t\t\t\t<div class=\"elementor-widget-container\">\n\t\t\t<style>\/*! elementor - v3.7.4 - 31-08-2022 *\/\n.elementor-widget-divider{--divider-border-style:none;--divider-border-width:1px;--divider-color:#2c2c2c;--divider-icon-size:20px;--divider-element-spacing:10px;--divider-pattern-height:24px;--divider-pattern-size:20px;--divider-pattern-url:none;--divider-pattern-repeat:repeat-x}.elementor-widget-divider .elementor-divider{display:-webkit-box;display:-ms-flexbox;display:flex}.elementor-widget-divider .elementor-divider__text{font-size:15px;line-height:1;max-width:95%}.elementor-widget-divider .elementor-divider__element{margin:0 var(--divider-element-spacing);-ms-flex-negative:0;flex-shrink:0}.elementor-widget-divider .elementor-icon{font-size:var(--divider-icon-size)}.elementor-widget-divider .elementor-divider-separator{display:-webkit-box;display:-ms-flexbox;display:flex;margin:0;direction:ltr}.elementor-widget-divider--view-line_icon .elementor-divider-separator,.elementor-widget-divider--view-line_text .elementor-divider-separator{-webkit-box-align:center;-ms-flex-align:center;align-items:center}.elementor-widget-divider--view-line_icon .elementor-divider-separator:after,.elementor-widget-divider--view-line_icon .elementor-divider-separator:before,.elementor-widget-divider--view-line_text .elementor-divider-separator:after,.elementor-widget-divider--view-line_text .elementor-divider-separator:before{display:block;content:\"\";border-bottom:0;-webkit-box-flex:1;-ms-flex-positive:1;flex-grow:1;border-top:var(--divider-border-width) var(--divider-border-style) var(--divider-color)}.elementor-widget-divider--element-align-left .elementor-divider .elementor-divider-separator>.elementor-divider__svg:first-of-type{-webkit-box-flex:0;-ms-flex-positive:0;flex-grow:0;-ms-flex-negative:100;flex-shrink:100}.elementor-widget-divider--element-align-left .elementor-divider-separator:before{content:none}.elementor-widget-divider--element-align-left .elementor-divider__element{margin-left:0}.elementor-widget-divider--element-align-right .elementor-divider .elementor-divider-separator>.elementor-divider__svg:last-of-type{-webkit-box-flex:0;-ms-flex-positive:0;flex-grow:0;-ms-flex-negative:100;flex-shrink:100}.elementor-widget-divider--element-align-right .elementor-divider-separator:after{content:none}.elementor-widget-divider--element-align-right .elementor-divider__element{margin-right:0}.elementor-widget-divider:not(.elementor-widget-divider--view-line_text):not(.elementor-widget-divider--view-line_icon) .elementor-divider-separator{border-top:var(--divider-border-width) var(--divider-border-style) var(--divider-color)}.elementor-widget-divider--separator-type-pattern{--divider-border-style:none}.elementor-widget-divider--separator-type-pattern.elementor-widget-divider--view-line .elementor-divider-separator,.elementor-widget-divider--separator-type-pattern:not(.elementor-widget-divider--view-line) .elementor-divider-separator:after,.elementor-widget-divider--separator-type-pattern:not(.elementor-widget-divider--view-line) .elementor-divider-separator:before,.elementor-widget-divider--separator-type-pattern:not([class*=elementor-widget-divider--view]) .elementor-divider-separator{width:100%;min-height:var(--divider-pattern-height);-webkit-mask-size:var(--divider-pattern-size) 100%;mask-size:var(--divider-pattern-size) 100%;-webkit-mask-repeat:var(--divider-pattern-repeat);mask-repeat:var(--divider-pattern-repeat);background-color:var(--divider-color);-webkit-mask-image:var(--divider-pattern-url);mask-image:var(--divider-pattern-url)}.elementor-widget-divider--no-spacing{--divider-pattern-size:auto}.elementor-widget-divider--bg-round{--divider-pattern-repeat:round}.rtl .elementor-widget-divider .elementor-divider__text{direction:rtl}.e-container>.elementor-widget-divider{width:var(--container-widget-width,100%);--flex-grow:var(--container-widget-flex-grow,0)}<\/style>\t\t<div class=\"elementor-divider\">\n\t\t\t<span class=\"elementor-divider-separator\">\n\t\t\t\t\t\t<\/span>\n\t\t<\/div>\n\t\t\t\t<\/div>\n\t\t\t\t<\/div>\n\t\t\t\t\t<\/div>\n\t\t<\/div>\n\t\t\t\t\t\t\t<\/div>\n\t\t<\/section>\n\t\t\t\t<section class=\"elementor-section elementor-top-section elementor-element elementor-element-98443d6 elementor-section-boxed elementor-section-height-default elementor-section-height-default\" data-id=\"98443d6\" data-element_type=\"section\">\n\t\t\t\t\t\t<div class=\"elementor-container elementor-column-gap-default\">\n\t\t\t\t\t<div class=\"elementor-column elementor-col-33 elementor-top-column elementor-element elementor-element-df7fdf3\" data-id=\"df7fdf3\" data-element_type=\"column\">\n\t\t\t<div class=\"elementor-widget-wrap elementor-element-populated\">\n\t\t\t\t\t\t\t\t<div class=\"elementor-element elementor-element-37f390e elementor-widget elementor-widget-text-editor\" data-id=\"37f390e\" data-element_type=\"widget\" data-widget_type=\"text-editor.default\">\n\t\t\t\t<div class=\"elementor-widget-container\">\n\t\t\t<style>\/*! elementor - v3.7.4 - 31-08-2022 *\/\n.elementor-widget-text-editor.elementor-drop-cap-view-stacked .elementor-drop-cap{background-color:#818a91;color:#fff}.elementor-widget-text-editor.elementor-drop-cap-view-framed .elementor-drop-cap{color:#818a91;border:3px solid;background-color:transparent}.elementor-widget-text-editor:not(.elementor-drop-cap-view-default) .elementor-drop-cap{margin-top:8px}.elementor-widget-text-editor:not(.elementor-drop-cap-view-default) .elementor-drop-cap-letter{width:1em;height:1em}.elementor-widget-text-editor .elementor-drop-cap{float:left;text-align:center;line-height:1;font-size:50px}.elementor-widget-text-editor .elementor-drop-cap-letter{display:inline-block}<\/style>\t\t\t\t<p><strong style=\"color: #ff0000; font-style: inherit; background-color: var(--ast-global-color-5);\">Pack Communication<\/strong><\/p>\t\t\t\t\t\t<\/div>\n\t\t\t\t<\/div>\n\t\t\t\t\t<\/div>\n\t\t<\/div>\n\t\t\t\t<div class=\"elementor-column elementor-col-33 elementor-top-column elementor-element elementor-element-aba022a\" data-id=\"aba022a\" data-element_type=\"column\">\n\t\t\t<div class=\"elementor-widget-wrap\">\n\t\t\t\t\t\t\t\t\t<\/div>\n\t\t<\/div>\n\t\t\t\t<div class=\"elementor-column elementor-col-33 elementor-top-column elementor-element elementor-element-5192ef0\" data-id=\"5192ef0\" data-element_type=\"column\">\n\t\t\t<div class=\"elementor-widget-wrap elementor-element-populated\">\n\t\t\t\t\t\t\t\t<div class=\"elementor-element elementor-element-01d3e1d elementor-widget elementor-widget-text-editor\" data-id=\"01d3e1d\" data-element_type=\"widget\" data-widget_type=\"text-editor.default\">\n\t\t\t\t<div class=\"elementor-widget-container\">\n\t\t\t\t\t\t\t<p>\u00a0<\/p><p style=\"text-align: center;\"><strong style=\"font-style: inherit; color: var( --e-global-color-text ); font-family: var( --e-global-typography-text-font-family ), Sans-serif; background-color: var(--ast-global-color-5);\"><span style=\"color: #ff0000;\">Pr\u00e9sident de la Commission Communication :\u00a0<\/span><\/strong><\/p><p style=\"text-align: center;\"><b>Benjamin BOCQUET<\/b><\/p><p style=\"text-align: center;\"><a href=\"mailto:benjamin.bocquet@comiteoisett.fr\">benjamin.bocquet@comiteoisett.fr\u00a0<\/a><\/p>\t\t\t\t\t\t<\/div>\n\t\t\t\t<\/div>\n\t\t\t\t\t<\/div>\n\t\t<\/div>\n\t\t\t\t\t\t\t<\/div>\n\t\t<\/section>\n\t\t\t\t<section class=\"elementor-section elementor-top-section elementor-element elementor-element-afa56a1 elementor-section-boxed elementor-section-height-default elementor-section-height-default\" data-id=\"afa56a1\" data-element_type=\"section\">\n\t\t\t\t\t\t<div class=\"elementor-container elementor-column-gap-default\">\n\t\t\t\t\t<div class=\"elementor-column elementor-col-100 elementor-top-column elementor-element elementor-element-ee9dd58\" data-id=\"ee9dd58\" data-element_type=\"column\">\n\t\t\t<div class=\"elementor-widget-wrap elementor-element-populated\">\n\t\t\t\t\t\t\t\t<div class=\"elementor-element elementor-element-0132b34 elementor-widget-divider--view-line elementor-widget elementor-widget-divider\" data-id=\"0132b34\" data-element_type=\"widget\" data-widget_type=\"divider.default\">\n\t\t\t\t<div class=\"elementor-widget-container\">\n\t\t\t\t\t<div class=\"elementor-divider\">\n\t\t\t<span class=\"elementor-divider-separator\">\n\t\t\t\t\t\t<\/span>\n\t\t<\/div>\n\t\t\t\t<\/div>\n\t\t\t\t<\/div>\n\t\t\t\t\t<\/div>\n\t\t<\/div>\n\t\t\t\t\t\t\t<\/div>\n\t\t<\/section>\n\t\t\t\t<section class=\"elementor-section elementor-top-section elementor-element elementor-element-7fedb13 elementor-section-boxed elementor-section-height-default elementor-section-height-default\" data-id=\"7fedb13\" data-element_type=\"section\">\n\t\t\t\t\t\t<div class=\"elementor-container elementor-column-gap-default\">\n\t\t\t\t\t<div class=\"elementor-column elementor-col-50 elementor-top-column elementor-element elementor-element-909c549\" data-id=\"909c549\" data-element_type=\"column\">\n\t\t\t<div class=\"elementor-widget-wrap elementor-element-populated\">\n\t\t\t\t\t\t\t\t<div class=\"elementor-element elementor-element-1453100 elementor-widget elementor-widget-text-editor\" data-id=\"1453100\" data-element_type=\"widget\" data-widget_type=\"text-editor.default\">\n\t\t\t\t<div class=\"elementor-widget-container\">\n\t\t\t\t\t\t\t<p>19-05-2025&nbsp; &#8211; Bonjour \u00e0 tous,<\/p>\n<p>Il est aujourd\u2019hui indispensable pour un club d\u2019\u00eatre pr\u00e9sent sur internet et les r\u00e9seaux sociaux, mais \u00e9galement physiquement sur des \u00e9v\u00e9nements tels que le forum des associations que de nombreuses villes organisent \u00e0 la rentr\u00e9e de septembre.<\/p>\n<ul>\n<li>A cet \u00e9gard, la FFTT a envoy\u00e9 r\u00e9cemment une offre de rentr\u00e9e (<span style=\"color: #ff0000;\"><strong>Le kit de communication 2025 est disponible !<\/strong><\/span>). Celui-ci permet d\u2019avoir un kit de base de communication (flyers, affiches, livrets). <strong>Commandez-le, c\u2019est gratuit et tr\u00e8s facile \u00e0 personnaliser.&nbsp;&nbsp;&nbsp; <\/strong><a href=\"http:\/\/r.sib.fftt.email\/mk\/cl\/f\/sh\/WCPzyXJTZ7IItAdAVywPGqc6gtUxv8oD\/CRHp6idaxw4x\"><strong>fftt.monwebtoprint.fr<\/strong><\/a><strong>&nbsp; <\/strong>Code promo : KIT2COM2025<\/li>\n<li>Par ailleurs, le Comit\u00e9 Oise reconduit cette ann\u00e9e l<strong><span style=\"color: #ff0000;\">\u2019op\u00e9ration kit de communication<\/span><\/strong>.&nbsp; Il est possible de commander Xbanner, Flyers et affiches pour un prix tr\u00e8s raisonnable et en partie subventionn\u00e9 par le Comit\u00e9&nbsp;<\/li>\n<\/ul>\n<p>Tous ces \u00e9l\u00e9ments sont personnalisables avec votre logo, un maximum de 3 photos et vos couleurs.&nbsp;<\/p>\n<p>Pour vos commandes, une page web a \u00e9t\u00e9 mise en place : <a href=\"https:\/\/packcommunication.comiteoisett.fr\/\">https:\/\/packcommunication.comiteoisett.fr\/&nbsp;<\/a><\/p>\n<p>Il vous sera demand\u00e9 :&nbsp;<span style=\"font-style: inherit; font-weight: inherit;\">votre logo (en bonne qualit\u00e9),&nbsp;<\/span><span style=\"font-style: inherit; font-weight: inherit;\">un maximum de 5 photos,&nbsp;<\/span><span style=\"font-style: inherit; font-weight: inherit;\">les articles voulus,&nbsp;<\/span><span style=\"font-style: inherit; font-weight: inherit;\">le nombre d&rsquo;exemplaires,&nbsp;<\/span><span style=\"font-style: inherit; font-weight: inherit;\">votre couleur,&nbsp;<\/span><span style=\"font-style: inherit; font-weight: inherit;\">la date souhait\u00e9e de r\u00e9ception.<\/span><\/p>\n<p>Une fois votre commande compl\u00e9t\u00e9e sur le site internet, vous recevrez par mail un visuel pour validation.<\/p>\n<p>Vous en souhaitant une bonne r\u00e9ception.<\/p>\n<p><strong>Benjamin Bocquet<\/strong> (<span style=\"font-style: inherit; font-weight: inherit; color: var( --e-global-color-text ); font-family: var( --e-global-typography-text-font-family ), Sans-serif; background-color: var(--ast-global-color-5);\">Pr\u00e9sident de la commission communication)&nbsp;<\/span><\/p>\t\t\t\t\t\t<\/div>\n\t\t\t\t<\/div>\n\t\t\t\t\t<\/div>\n\t\t<\/div>\n\t\t\t\t<div class=\"elementor-column elementor-col-50 elementor-top-column elementor-element elementor-element-165bae2\" data-id=\"165bae2\" data-element_type=\"column\">\n\t\t\t<div class=\"elementor-widget-wrap\">\n\t\t\t\t\t\t\t\t\t<\/div>\n\t\t<\/div>\n\t\t\t\t\t\t\t<\/div>\n\t\t<\/section>\n\t\t\t\t<section class=\"elementor-section elementor-top-section elementor-element elementor-element-6086e28 elementor-section-boxed elementor-section-height-default elementor-section-height-default\" data-id=\"6086e28\" data-element_type=\"section\">\n\t\t\t\t\t\t<div class=\"elementor-container elementor-column-gap-default\">\n\t\t\t\t\t<div class=\"elementor-column elementor-col-33 elementor-top-column elementor-element elementor-element-d74ea9c\" data-id=\"d74ea9c\" data-element_type=\"column\">\n\t\t\t<div class=\"elementor-widget-wrap\">\n\t\t\t\t\t\t\t\t\t<\/div>\n\t\t<\/div>\n\t\t\t\t<div class=\"elementor-column elementor-col-33 elementor-top-column elementor-element elementor-element-1745295\" data-id=\"1745295\" data-element_type=\"column\">\n\t\t\t<div class=\"elementor-widget-wrap elementor-element-populated\">\n\t\t\t\t\t\t\t\t<div class=\"elementor-element elementor-element-312cda7 elementor-widget elementor-widget-image\" data-id=\"312cda7\" data-element_type=\"widget\" data-widget_type=\"image.default\">\n\t\t\t\t<div class=\"elementor-widget-container\">\n\t\t\t<style>\/*! elementor - v3.7.4 - 31-08-2022 *\/\n.elementor-widget-image{text-align:center}.elementor-widget-image a{display:inline-block}.elementor-widget-image a img[src$=\".svg\"]{width:48px}.elementor-widget-image img{vertical-align:middle;display:inline-block}<\/style>\t\t\t\t\t\t\t\t\t\t\t\t\t<a href=\"https:\/\/comiteoisett.fr\/wp-content\/uploads\/2024\/07\/2024-07-Kit-de-comm.png\" data-elementor-open-lightbox=\"yes\" data-elementor-lightbox-title=\"2024-07 Kit de comm\" e-action-hash=\"#elementor-action%3Aaction%3Dlightbox%26settings%3DeyJpZCI6MTA5OTksInVybCI6Imh0dHBzOlwvXC9jb21pdGVvaXNldHQuZnJcL3dwLWNvbnRlbnRcL3VwbG9hZHNcLzIwMjRcLzA3XC8yMDI0LTA3LUtpdC1kZS1jb21tLWUxNzIyNDI3ODI1MzU5LnBuZyJ9\">\n\t\t\t\t\t\t\t<img loading=\"lazy\" decoding=\"async\" width=\"724\" height=\"1024\" src=\"https:\/\/comiteoisett.fr\/wp-content\/uploads\/2024\/07\/2024-07-Kit-de-comm-724x1024.png\" class=\"attachment-large size-large\" alt=\"\" srcset=\"https:\/\/comiteoisett.fr\/wp-content\/uploads\/2024\/07\/2024-07-Kit-de-comm-724x1024.png 724w, https:\/\/comiteoisett.fr\/wp-content\/uploads\/2024\/07\/2024-07-Kit-de-comm-212x300.png 212w, https:\/\/comiteoisett.fr\/wp-content\/uploads\/2024\/07\/2024-07-Kit-de-comm-768x1086.png 768w, https:\/\/comiteoisett.fr\/wp-content\/uploads\/2024\/07\/2024-07-Kit-de-comm-1086x1536.png 1086w, https:\/\/comiteoisett.fr\/wp-content\/uploads\/2024\/07\/2024-07-Kit-de-comm-1448x2048.png 1448w, https:\/\/comiteoisett.fr\/wp-content\/uploads\/2024\/07\/2024-07-Kit-de-comm-e1722427825359.png 1200w\" sizes=\"auto, (max-width: 724px) 100vw, 724px\" \/>\t\t\t\t\t\t\t\t<\/a>\n\t\t\t\t\t\t\t\t\t\t\t\t\t\t\t<\/div>\n\t\t\t\t<\/div>\n\t\t\t\t\t<\/div>\n\t\t<\/div>\n\t\t\t\t<div class=\"elementor-column elementor-col-33 elementor-top-column elementor-element elementor-element-2918eb2\" data-id=\"2918eb2\" data-element_type=\"column\">\n\t\t\t<div class=\"elementor-widget-wrap\">\n\t\t\t\t\t\t\t\t\t<\/div>\n\t\t<\/div>\n\t\t\t\t\t\t\t<\/div>\n\t\t<\/section>\n\t\t\t\t\t\t\t<\/div>\n\t\t","protected":false},"excerpt":{"rendered":"<p>Pack Communication \u00a0 Pr\u00e9sident de la Commission Communication :\u00a0 Benjamin BOCQUET benjamin.bocquet@comiteoisett.fr\u00a0 19-05-2025&nbsp; &#8211; Bonjour \u00e0 tous, Il est aujourd\u2019hui indispensable pour un club d\u2019\u00eatre pr\u00e9sent sur internet et les r\u00e9seaux sociaux, mais \u00e9galement physiquement sur des \u00e9v\u00e9nements tels que le forum des associations que de nombreuses villes organisent \u00e0 la rentr\u00e9e de septembre. A &hellip;<\/p>\n<p class=\"read-more\"> <a class=\"\" href=\"https:\/\/comiteoisett.fr\/index.php\/pack-communication\/\"> <span class=\"screen-reader-text\">Pack communication<\/span> Lire la suite\u00a0\u00bb<\/a><\/p>\n","protected":false},"author":2,"featured_media":0,"parent":0,"menu_order":0,"comment_status":"closed","ping_status":"closed","template":"","meta":{"site-sidebar-layout":"no-sidebar","site-content-layout":"page-builder","ast-global-header-display":"","ast-main-header-display":"","ast-hfb-above-header-display":"","ast-hfb-below-header-display":"","ast-hfb-mobile-header-display":"","site-post-title":"disabled","ast-breadcrumbs-content":"","ast-featured-img":"disabled","footer-sml-layout":"","theme-transparent-header-meta":"","adv-header-id-meta":"","stick-header-meta":"","header-above-stick-meta":"","header-main-stick-meta":"","header-below-stick-meta":"","footnotes":""},"class_list":["post-10997","page","type-page","status-publish","hentry"],"_links":{"self":[{"href":"https:\/\/comiteoisett.fr\/index.php\/wp-json\/wp\/v2\/pages\/10997","targetHints":{"allow":["GET"]}}],"collection":[{"href":"https:\/\/comiteoisett.fr\/index.php\/wp-json\/wp\/v2\/pages"}],"about":[{"href":"https:\/\/comiteoisett.fr\/index.php\/wp-json\/wp\/v2\/types\/page"}],"author":[{"embeddable":true,"href":"https:\/\/comiteoisett.fr\/index.php\/wp-json\/wp\/v2\/users\/2"}],"replies":[{"embeddable":true,"href":"https:\/\/comiteoisett.fr\/index.php\/wp-json\/wp\/v2\/comments?post=10997"}],"version-history":[{"count":72,"href":"https:\/\/comiteoisett.fr\/index.php\/wp-json\/wp\/v2\/pages\/10997\/revisions"}],"predecessor-version":[{"id":13935,"href":"https:\/\/comiteoisett.fr\/index.php\/wp-json\/wp\/v2\/pages\/10997\/revisions\/13935"}],"wp:attachment":[{"href":"https:\/\/comiteoisett.fr\/index.php\/wp-json\/wp\/v2\/media?parent=10997"}],"curies":[{"name":"wp","href":"https:\/\/api.w.org\/{rel}","templated":true}]}}