{"id":13903,"date":"2025-05-20T00:17:57","date_gmt":"2025-05-19T22:17:57","guid":{"rendered":"https:\/\/comiteoisett.fr\/?page_id=13903"},"modified":"2025-05-20T08:36:36","modified_gmt":"2025-05-20T06:36:36","slug":"infos-developpement","status":"publish","type":"page","link":"https:\/\/comiteoisett.fr\/index.php\/infos-developpement\/","title":{"rendered":"Infos D\u00e9veloppement"},"content":{"rendered":"\t\t<div data-elementor-type=\"wp-page\" data-elementor-id=\"13903\" class=\"elementor elementor-13903\">\n\t\t\t\t\t\t\t\t\t<section class=\"elementor-section elementor-top-section elementor-element elementor-element-63cff62 elementor-section-boxed elementor-section-height-default elementor-section-height-default\" data-id=\"63cff62\" data-element_type=\"section\">\n\t\t\t\t\t\t<div class=\"elementor-container elementor-column-gap-default\">\n\t\t\t\t\t<div class=\"elementor-column elementor-col-33 elementor-top-column elementor-element elementor-element-1d5b368\" data-id=\"1d5b368\" data-element_type=\"column\">\n\t\t\t<div class=\"elementor-widget-wrap elementor-element-populated\">\n\t\t\t\t\t\t\t\t<div class=\"elementor-element elementor-element-77ef39e elementor-widget elementor-widget-text-editor\" data-id=\"77ef39e\" data-element_type=\"widget\" data-widget_type=\"text-editor.default\">\n\t\t\t\t<div class=\"elementor-widget-container\">\n\t\t\t<style>\/*! elementor - v3.7.4 - 31-08-2022 *\/\n.elementor-widget-text-editor.elementor-drop-cap-view-stacked .elementor-drop-cap{background-color:#818a91;color:#fff}.elementor-widget-text-editor.elementor-drop-cap-view-framed .elementor-drop-cap{color:#818a91;border:3px solid;background-color:transparent}.elementor-widget-text-editor:not(.elementor-drop-cap-view-default) .elementor-drop-cap{margin-top:8px}.elementor-widget-text-editor:not(.elementor-drop-cap-view-default) .elementor-drop-cap-letter{width:1em;height:1em}.elementor-widget-text-editor .elementor-drop-cap{float:left;text-align:center;line-height:1;font-size:50px}.elementor-widget-text-editor .elementor-drop-cap-letter{display:inline-block}<\/style>\t\t\t\t<p><strong style=\"color: #ff0000; font-style: inherit; background-color: var(--ast-global-color-5);\">Informations D\u00e9veloppement<\/strong><\/p>\t\t\t\t\t\t<\/div>\n\t\t\t\t<\/div>\n\t\t\t\t\t<\/div>\n\t\t<\/div>\n\t\t\t\t<div class=\"elementor-column elementor-col-33 elementor-top-column elementor-element elementor-element-15474bb\" data-id=\"15474bb\" data-element_type=\"column\">\n\t\t\t<div class=\"elementor-widget-wrap\">\n\t\t\t\t\t\t\t\t\t<\/div>\n\t\t<\/div>\n\t\t\t\t<div class=\"elementor-column elementor-col-33 elementor-top-column elementor-element elementor-element-f362fbb\" data-id=\"f362fbb\" data-element_type=\"column\">\n\t\t\t<div class=\"elementor-widget-wrap elementor-element-populated\">\n\t\t\t\t\t\t\t\t<div class=\"elementor-element elementor-element-e43573f elementor-widget elementor-widget-text-editor\" data-id=\"e43573f\" data-element_type=\"widget\" data-widget_type=\"text-editor.default\">\n\t\t\t\t<div class=\"elementor-widget-container\">\n\t\t\t\t\t\t\t<p>\u00a0<\/p><p style=\"text-align: center;\"><strong style=\"font-style: inherit; color: var( --e-global-color-text ); font-family: var( --e-global-typography-text-font-family ), Sans-serif; background-color: var(--ast-global-color-5);\"><span style=\"color: #ff0000;\">Pr\u00e9sident de la Commission D\u00e9veloppement:\u00a0<\/span><\/strong><\/p><p style=\"text-align: center;\"><b>Herv\u00e9 Michel<\/b><\/p><p style=\"text-align: center;\"><a href=\"herve.michel@comiteoiseett.fr\">herv\u00e9.michel@comiteoisett.fr\u00a0<\/a><\/p>\t\t\t\t\t\t<\/div>\n\t\t\t\t<\/div>\n\t\t\t\t\t<\/div>\n\t\t<\/div>\n\t\t\t\t\t\t\t<\/div>\n\t\t<\/section>\n\t\t\t\t<section class=\"elementor-section elementor-top-section elementor-element elementor-element-fabb9fe elementor-section-boxed elementor-section-height-default elementor-section-height-default\" data-id=\"fabb9fe\" data-element_type=\"section\">\n\t\t\t\t\t\t<div class=\"elementor-container elementor-column-gap-default\">\n\t\t\t\t\t<div class=\"elementor-column elementor-col-100 elementor-top-column elementor-element elementor-element-83935e2\" data-id=\"83935e2\" data-element_type=\"column\">\n\t\t\t<div class=\"elementor-widget-wrap elementor-element-populated\">\n\t\t\t\t\t\t\t\t<div class=\"elementor-element elementor-element-11b1744 elementor-widget-divider--view-line elementor-widget elementor-widget-divider\" data-id=\"11b1744\" data-element_type=\"widget\" data-widget_type=\"divider.default\">\n\t\t\t\t<div class=\"elementor-widget-container\">\n\t\t\t<style>\/*! elementor - v3.7.4 - 31-08-2022 *\/\n.elementor-widget-divider{--divider-border-style:none;--divider-border-width:1px;--divider-color:#2c2c2c;--divider-icon-size:20px;--divider-element-spacing:10px;--divider-pattern-height:24px;--divider-pattern-size:20px;--divider-pattern-url:none;--divider-pattern-repeat:repeat-x}.elementor-widget-divider .elementor-divider{display:-webkit-box;display:-ms-flexbox;display:flex}.elementor-widget-divider .elementor-divider__text{font-size:15px;line-height:1;max-width:95%}.elementor-widget-divider .elementor-divider__element{margin:0 var(--divider-element-spacing);-ms-flex-negative:0;flex-shrink:0}.elementor-widget-divider .elementor-icon{font-size:var(--divider-icon-size)}.elementor-widget-divider .elementor-divider-separator{display:-webkit-box;display:-ms-flexbox;display:flex;margin:0;direction:ltr}.elementor-widget-divider--view-line_icon .elementor-divider-separator,.elementor-widget-divider--view-line_text .elementor-divider-separator{-webkit-box-align:center;-ms-flex-align:center;align-items:center}.elementor-widget-divider--view-line_icon .elementor-divider-separator:after,.elementor-widget-divider--view-line_icon .elementor-divider-separator:before,.elementor-widget-divider--view-line_text .elementor-divider-separator:after,.elementor-widget-divider--view-line_text .elementor-divider-separator:before{display:block;content:\"\";border-bottom:0;-webkit-box-flex:1;-ms-flex-positive:1;flex-grow:1;border-top:var(--divider-border-width) var(--divider-border-style) var(--divider-color)}.elementor-widget-divider--element-align-left .elementor-divider .elementor-divider-separator>.elementor-divider__svg:first-of-type{-webkit-box-flex:0;-ms-flex-positive:0;flex-grow:0;-ms-flex-negative:100;flex-shrink:100}.elementor-widget-divider--element-align-left .elementor-divider-separator:before{content:none}.elementor-widget-divider--element-align-left .elementor-divider__element{margin-left:0}.elementor-widget-divider--element-align-right .elementor-divider .elementor-divider-separator>.elementor-divider__svg:last-of-type{-webkit-box-flex:0;-ms-flex-positive:0;flex-grow:0;-ms-flex-negative:100;flex-shrink:100}.elementor-widget-divider--element-align-right .elementor-divider-separator:after{content:none}.elementor-widget-divider--element-align-right .elementor-divider__element{margin-right:0}.elementor-widget-divider:not(.elementor-widget-divider--view-line_text):not(.elementor-widget-divider--view-line_icon) .elementor-divider-separator{border-top:var(--divider-border-width) var(--divider-border-style) var(--divider-color)}.elementor-widget-divider--separator-type-pattern{--divider-border-style:none}.elementor-widget-divider--separator-type-pattern.elementor-widget-divider--view-line .elementor-divider-separator,.elementor-widget-divider--separator-type-pattern:not(.elementor-widget-divider--view-line) .elementor-divider-separator:after,.elementor-widget-divider--separator-type-pattern:not(.elementor-widget-divider--view-line) .elementor-divider-separator:before,.elementor-widget-divider--separator-type-pattern:not([class*=elementor-widget-divider--view]) .elementor-divider-separator{width:100%;min-height:var(--divider-pattern-height);-webkit-mask-size:var(--divider-pattern-size) 100%;mask-size:var(--divider-pattern-size) 100%;-webkit-mask-repeat:var(--divider-pattern-repeat);mask-repeat:var(--divider-pattern-repeat);background-color:var(--divider-color);-webkit-mask-image:var(--divider-pattern-url);mask-image:var(--divider-pattern-url)}.elementor-widget-divider--no-spacing{--divider-pattern-size:auto}.elementor-widget-divider--bg-round{--divider-pattern-repeat:round}.rtl .elementor-widget-divider .elementor-divider__text{direction:rtl}.e-container>.elementor-widget-divider{width:var(--container-widget-width,100%);--flex-grow:var(--container-widget-flex-grow,0)}<\/style>\t\t<div class=\"elementor-divider\">\n\t\t\t<span class=\"elementor-divider-separator\">\n\t\t\t\t\t\t<\/span>\n\t\t<\/div>\n\t\t\t\t<\/div>\n\t\t\t\t<\/div>\n\t\t\t\t\t<\/div>\n\t\t<\/div>\n\t\t\t\t\t\t\t<\/div>\n\t\t<\/section>\n\t\t\t\t<section class=\"elementor-section elementor-top-section elementor-element elementor-element-a1be153 elementor-section-boxed elementor-section-height-default elementor-section-height-default\" data-id=\"a1be153\" data-element_type=\"section\">\n\t\t\t\t\t\t<div class=\"elementor-container elementor-column-gap-default\">\n\t\t\t\t\t<div class=\"elementor-column elementor-col-100 elementor-top-column elementor-element elementor-element-bf54061\" data-id=\"bf54061\" data-element_type=\"column\">\n\t\t\t<div class=\"elementor-widget-wrap elementor-element-populated\">\n\t\t\t\t\t\t\t\t<div class=\"elementor-element elementor-element-8372c95 elementor-widget elementor-widget-text-editor\" data-id=\"8372c95\" data-element_type=\"widget\" data-widget_type=\"text-editor.default\">\n\t\t\t\t<div class=\"elementor-widget-container\">\n\t\t\t\t\t\t\t<p>19-05-2025 &#8211; Chers Dirigeants,<\/p><p>L\u2019ann\u00e9e sportive 2024-2025 arrive bient\u00f4t \u00e0 son terme et il est d\u00e9j\u00e0 temps de pr\u00e9parer la prochaine rentr\u00e9e.<\/p><p>Notre sport a b\u00e9n\u00e9fici\u00e9 cette ann\u00e9e, d\u2019un formidable booster avec les fr\u00e8res Lebrun et les r\u00e9sultats obtenus aux JO. Cet \u00e9lan va probablement se prolonger encore quelques temps, mais les clubs doivent se structurer et se donner les moyens d\u2019accompagner ce mouvement pour en b\u00e9n\u00e9ficier pleinement.<\/p><p>Je souhaite m\u2019adresser \u00e0 vous pour attirer votre attention sur 3 points qui me semblent importants.<\/p><ul><li><span style=\"color: #ff0000;\"><strong>La communication :<\/strong><\/span><\/li><\/ul><p>Il est aujourd\u2019hui indispensable pour un club d\u2019\u00eatre pr\u00e9sent sur internet et les r\u00e9seaux sociaux, mais \u00e9galement physiquement sur des \u00e9v\u00e9nements tels que le forum des associations que de nombreuses villes organisent \u00e0 la rentr\u00e9e de septembre.<\/p><p>A cet \u00e9gard, la FFTT a envoy\u00e9 r\u00e9cemment une offre de rentr\u00e9e (<span style=\"color: #ff0000;\"><strong>Le kit de communication 2025 est disponible !<\/strong><\/span>). Celui-ci permet d\u2019avoir un kit de base de communication (flyers, affiches, livrets). <strong>Commandez-le, c\u2019est gratuit et tr\u00e8s facile \u00e0 personnaliser.\u00a0\u00a0\u00a0 <\/strong><a href=\"http:\/\/r.sib.fftt.email\/mk\/cl\/f\/sh\/WCPzyXJTZ7IItAdAVywPGqc6gtUxv8oD\/CRHp6idaxw4x\"><strong>fftt.monwebtoprint.fr<\/strong><\/a><strong>\u00a0 <\/strong>Code promo : KIT2COM2025<\/p><p>et <span style=\"font-size: 16px;\">le Comit\u00e9 Oise reconduit cette ann\u00e9e <strong><span style=\"color: #ff0000;\">l\u2019op\u00e9ration kit de communication<\/span><\/strong>.\u00a0 Plus d&rsquo;informations aupr\u00e8s de <strong>Benjamin Bocquet<\/strong>\u00a0sur la page : <a href=\"https:\/\/comiteoisett.fr\/index.php\/pack-communication\/\">https:\/\/comiteoisett.fr\/index.php\/pack-communication\/<\/a><\/span><\/p><ul><li><strong><span style=\"color: #ff0000;\">L\u2019offre sportive\u00a0:<\/span><\/strong><\/li><\/ul><p>Le meilleur moyen de fid\u00e9liser les joueurs et d\u2019en attirer de nouveaux, est de proposer une offre sportive de qualit\u00e9 :\u00a0<span style=\"font-style: inherit; font-weight: inherit;\">\u00a0De bonnes conditions de jeu (tables, balles, horaires) ; d<\/span><span style=\"font-style: inherit; font-weight: inherit;\">es entrainements dirig\u00e9s adapt\u00e9s aux diff\u00e9rents publics (jeunes\/adultes, loisirs\/comp\u00e9titeurs) ; u<\/span><span style=\"font-style: inherit; font-weight: inherit;\">n suivi personnalis\u00e9 des joueurs (technique et relationnel).<\/span><\/p><p>Sur demande, Sonia pourra vous mettre en relation avec un entraineur ind\u00e9pendant.<\/p><p>Par ailleurs, le Comit\u00e9 est en cours de recherche d\u2019un entraineur CD Oise \u00a0itin\u00e9rant, qui pourrait intervenir dans les clubs d\u00e8s septembre. Le Comit\u00e9 (Sonia) reviendra vers vous tr\u00e8s rapidement pour formaliser les demandes de cr\u00e9neaux.<\/p><p>Bien \u00e9videmment, proposer une offre de qualit\u00e9 n\u00e9cessite des moyens financiers. D\u2019o\u00f9 le troisi\u00e8me point\u00a0:<\/p><ul><li><span style=\"color: #ff0000;\"><strong>Les finances\u00a0:<\/strong><\/span><\/li><\/ul><p>C\u2019est le nerf de la guerre\u00a0!<\/p><p>Plusieurs volets sont \u00e0 consid\u00e9rer :\u00a0<span style=\"font-style: inherit; font-weight: inherit;\">\u00a0les subventions publiques (mairies, CC, d\u00e9partement, r\u00e9gion, ANS\u2026),\u00a0<\/span><span style=\"font-style: inherit; font-weight: inherit;\">\u00a0les sponsors priv\u00e9s et le m\u00e9c\u00e9nat ;\u00a0<\/span><span style=\"font-style: inherit; font-weight: inherit;\">\u00a0les \u00e9v\u00e9nements (buvettes, repas, karaok\u00e9s, brocantes et autres lotos) ;\u00a0<\/span><span style=\"font-style: inherit; font-weight: inherit;\">\u00a0et enfin les cotisations\u2026<\/span><\/p><p>Je souhaite insister sur ce dernier point.<\/p><p>La fixation du tarif des cotisations est un acte important pour un club car c\u2019est souvent sa principale ressource financi\u00e8re. Un montant de cotisation trop faible ne permettra pas d\u2019avoir les moyens mat\u00e9riels et humains de proposer une offre de qualit\u00e9.<\/p><p>Bien entendu, le but d\u2019un club n\u2019est pas de faire des b\u00e9n\u00e9fices. Par contre il doit r\u00e9pondre \u00e0 une demande l\u00e9gitime de jeunes, de parents, d\u2019adultes tant en loisir qu\u2019en comp\u00e9tition d\u2019\u00eatre bien accueillis, bien form\u00e9s et bien suivis.\u00a0 \u00a0<\/p><p>L\u2019audit r\u00e9alis\u00e9 en d\u00e9but d\u2019ann\u00e9e, a montr\u00e9 que, sur l\u2019ensemble des clubs, le montant m\u00e9dian de cotisation \u00e9tait plut\u00f4t faible.<\/p><p>Un outil \u00ab\u00a0koteez\u00a0\u00bb est mis en avant par la FFTT afin de fournir une aide aux clubs pour la fixation des tarifs de cotisation. Cet outil prend en compte tous les postes de d\u00e9penses (y compris certains co\u00fbts indirects souvent oubli\u00e9s) afin de d\u00e9terminer le bon niveau de cotisation selon diff\u00e9rents groupes homog\u00e8nes (par exemple 4\/7 ans, jeunes d\u00e9butants, adultes loisirs, comp\u00e9titeurs \u2026). Je vous invite \u00e0 utiliser cet outil <a href=\"https:\/\/www.fftt.com\/site\/articles\/koteez\">https:\/\/www.fftt.com\/site\/articles\/koteez<\/a><\/p><p>Un mot encore concernant les subventions. Certains clubs ne sollicitent pas les aides du D\u00e9partement qui, pourtant, permet de b\u00e9n\u00e9ficier facilement de subventions de fonctionnement et d\u2019investissement. C\u2019est dommage.<\/p><p>Sur tous ces sujets, n\u2019h\u00e9sitez pas \u00e0 me transmettre vos demandes, pour une aide personnalis\u00e9e ou pour une pour l\u2019organisation d\u2019une r\u00e9union, d\u2019un webinaire ou d\u2019une s\u00e9ance de travaux pratiques.<\/p><p>Bien cordialement<\/p><p><strong>Herv\u00e9 Michel<\/strong> &#8211; Pr\u00e9sident de la Commission D\u00e9veloppement<\/p>\t\t\t\t\t\t<\/div>\n\t\t\t\t<\/div>\n\t\t\t\t\t<\/div>\n\t\t<\/div>\n\t\t\t\t\t\t\t<\/div>\n\t\t<\/section>\n\t\t\t\t\t\t\t<\/div>\n\t\t","protected":false},"excerpt":{"rendered":"<p>Informations D\u00e9veloppement \u00a0 Pr\u00e9sident de la Commission D\u00e9veloppement:\u00a0 Herv\u00e9 Michel herv\u00e9.michel@comiteoisett.fr\u00a0 19-05-2025 &#8211; Chers Dirigeants, L\u2019ann\u00e9e sportive 2024-2025 arrive bient\u00f4t \u00e0 son terme et il est d\u00e9j\u00e0 temps de pr\u00e9parer la prochaine rentr\u00e9e. Notre sport a b\u00e9n\u00e9fici\u00e9 cette ann\u00e9e, d\u2019un formidable booster avec les fr\u00e8res Lebrun et les r\u00e9sultats obtenus aux JO. Cet \u00e9lan va &hellip;<\/p>\n<p class=\"read-more\"> <a class=\"\" href=\"https:\/\/comiteoisett.fr\/index.php\/infos-developpement\/\"> <span class=\"screen-reader-text\">Infos D\u00e9veloppement<\/span> Lire la suite\u00a0\u00bb<\/a><\/p>\n","protected":false},"author":2,"featured_media":0,"parent":0,"menu_order":0,"comment_status":"closed","ping_status":"closed","template":"","meta":{"site-sidebar-layout":"no-sidebar","site-content-layout":"page-builder","ast-global-header-display":"","ast-main-header-display":"","ast-hfb-above-header-display":"","ast-hfb-below-header-display":"","ast-hfb-mobile-header-display":"","site-post-title":"disabled","ast-breadcrumbs-content":"","ast-featured-img":"disabled","footer-sml-layout":"","theme-transparent-header-meta":"","adv-header-id-meta":"","stick-header-meta":"","header-above-stick-meta":"","header-main-stick-meta":"","header-below-stick-meta":"","footnotes":""},"class_list":["post-13903","page","type-page","status-publish","hentry"],"_links":{"self":[{"href":"https:\/\/comiteoisett.fr\/index.php\/wp-json\/wp\/v2\/pages\/13903","targetHints":{"allow":["GET"]}}],"collection":[{"href":"https:\/\/comiteoisett.fr\/index.php\/wp-json\/wp\/v2\/pages"}],"about":[{"href":"https:\/\/comiteoisett.fr\/index.php\/wp-json\/wp\/v2\/types\/page"}],"author":[{"embeddable":true,"href":"https:\/\/comiteoisett.fr\/index.php\/wp-json\/wp\/v2\/users\/2"}],"replies":[{"embeddable":true,"href":"https:\/\/comiteoisett.fr\/index.php\/wp-json\/wp\/v2\/comments?post=13903"}],"version-history":[{"count":15,"href":"https:\/\/comiteoisett.fr\/index.php\/wp-json\/wp\/v2\/pages\/13903\/revisions"}],"predecessor-version":[{"id":15787,"href":"https:\/\/comiteoisett.fr\/index.php\/wp-json\/wp\/v2\/pages\/13903\/revisions\/15787"}],"wp:attachment":[{"href":"https:\/\/comiteoisett.fr\/index.php\/wp-json\/wp\/v2\/media?parent=13903"}],"curies":[{"name":"wp","href":"https:\/\/api.w.org\/{rel}","templated":true}]}}