{"id":15785,"date":"2025-11-26T16:06:16","date_gmt":"2025-11-26T15:06:16","guid":{"rendered":"https:\/\/comiteoisett.fr\/?page_id=15785"},"modified":"2026-01-09T11:20:00","modified_gmt":"2026-01-09T10:20:00","slug":"ping-entreprise","status":"publish","type":"page","link":"https:\/\/comiteoisett.fr\/index.php\/ping-entreprise\/","title":{"rendered":"Ping Entreprise"},"content":{"rendered":"\t\t<div data-elementor-type=\"wp-page\" data-elementor-id=\"15785\" class=\"elementor elementor-15785\">\n\t\t\t\t\t\t\t\t\t<section class=\"elementor-section elementor-top-section elementor-element elementor-element-c803322 elementor-section-boxed elementor-section-height-default elementor-section-height-default\" data-id=\"c803322\" data-element_type=\"section\">\n\t\t\t\t\t\t<div class=\"elementor-container elementor-column-gap-default\">\n\t\t\t\t\t<div class=\"elementor-column elementor-col-33 elementor-top-column elementor-element elementor-element-a146d5a\" data-id=\"a146d5a\" data-element_type=\"column\">\n\t\t\t<div class=\"elementor-widget-wrap elementor-element-populated\">\n\t\t\t\t\t\t\t\t<div class=\"elementor-element elementor-element-a7e08b8 elementor-widget elementor-widget-text-editor\" data-id=\"a7e08b8\" data-element_type=\"widget\" data-widget_type=\"text-editor.default\">\n\t\t\t\t<div class=\"elementor-widget-container\">\n\t\t\t<style>\/*! elementor - v3.7.4 - 31-08-2022 *\/\n.elementor-widget-text-editor.elementor-drop-cap-view-stacked .elementor-drop-cap{background-color:#818a91;color:#fff}.elementor-widget-text-editor.elementor-drop-cap-view-framed .elementor-drop-cap{color:#818a91;border:3px solid;background-color:transparent}.elementor-widget-text-editor:not(.elementor-drop-cap-view-default) .elementor-drop-cap{margin-top:8px}.elementor-widget-text-editor:not(.elementor-drop-cap-view-default) .elementor-drop-cap-letter{width:1em;height:1em}.elementor-widget-text-editor .elementor-drop-cap{float:left;text-align:center;line-height:1;font-size:50px}.elementor-widget-text-editor .elementor-drop-cap-letter{display:inline-block}<\/style>\t\t\t\t<p><strong style=\"color: #ff0000; font-style: inherit; background-color: var(--ast-global-color-5);\">Ping Entreprise<\/strong><\/p>\t\t\t\t\t\t<\/div>\n\t\t\t\t<\/div>\n\t\t\t\t\t<\/div>\n\t\t<\/div>\n\t\t\t\t<div class=\"elementor-column elementor-col-33 elementor-top-column elementor-element elementor-element-87565a7\" data-id=\"87565a7\" data-element_type=\"column\">\n\t\t\t<div class=\"elementor-widget-wrap elementor-element-populated\">\n\t\t\t\t\t\t\t\t<div class=\"elementor-element elementor-element-ebbcc9a elementor-widget elementor-widget-image\" data-id=\"ebbcc9a\" data-element_type=\"widget\" data-widget_type=\"image.default\">\n\t\t\t\t<div class=\"elementor-widget-container\">\n\t\t\t<style>\/*! elementor - v3.7.4 - 31-08-2022 *\/\n.elementor-widget-image{text-align:center}.elementor-widget-image a{display:inline-block}.elementor-widget-image a img[src$=\".svg\"]{width:48px}.elementor-widget-image img{vertical-align:middle;display:inline-block}<\/style>\t\t\t\t\t\t\t\t\t\t\t\t<img loading=\"lazy\" decoding=\"async\" width=\"525\" height=\"352\" src=\"https:\/\/comiteoisett.fr\/wp-content\/uploads\/2025\/11\/2025-11-Ping-Entreprise.png\" class=\"attachment-large size-large\" alt=\"\" srcset=\"https:\/\/comiteoisett.fr\/wp-content\/uploads\/2025\/11\/2025-11-Ping-Entreprise.png 525w, https:\/\/comiteoisett.fr\/wp-content\/uploads\/2025\/11\/2025-11-Ping-Entreprise-300x201.png 300w\" sizes=\"auto, (max-width: 525px) 100vw, 525px\" \/>\t\t\t\t\t\t\t\t\t\t\t\t\t\t\t<\/div>\n\t\t\t\t<\/div>\n\t\t\t\t\t<\/div>\n\t\t<\/div>\n\t\t\t\t<div class=\"elementor-column elementor-col-33 elementor-top-column elementor-element elementor-element-9ccdf07\" data-id=\"9ccdf07\" data-element_type=\"column\">\n\t\t\t<div class=\"elementor-widget-wrap elementor-element-populated\">\n\t\t\t\t\t\t\t\t<div class=\"elementor-element elementor-element-b570ac2 elementor-widget elementor-widget-text-editor\" data-id=\"b570ac2\" data-element_type=\"widget\" data-widget_type=\"text-editor.default\">\n\t\t\t\t<div class=\"elementor-widget-container\">\n\t\t\t\t\t\t\t<p>\u00a0<\/p><p style=\"text-align: center;\"><strong style=\"font-style: inherit; color: var( --e-global-color-text ); font-family: var( --e-global-typography-text-font-family ), Sans-serif; background-color: var(--ast-global-color-5);\"><span style=\"color: #ff0000;\">Pr\u00e9sident de la Commission D\u00e9veloppement:\u00a0<\/span><\/strong><\/p><p style=\"text-align: center;\"><b>Herv\u00e9 Michel<\/b><\/p><p style=\"text-align: center;\"><a href=\"herve.michel@comiteoiseett.fr\">herv\u00e9.michel@comiteoisett.fr\u00a0<\/a><\/p>\t\t\t\t\t\t<\/div>\n\t\t\t\t<\/div>\n\t\t\t\t\t<\/div>\n\t\t<\/div>\n\t\t\t\t\t\t\t<\/div>\n\t\t<\/section>\n\t\t\t\t<section class=\"elementor-section elementor-top-section elementor-element elementor-element-5c231f5 elementor-section-boxed elementor-section-height-default elementor-section-height-default\" data-id=\"5c231f5\" data-element_type=\"section\">\n\t\t\t\t\t\t<div class=\"elementor-container elementor-column-gap-default\">\n\t\t\t\t\t<div class=\"elementor-column elementor-col-100 elementor-top-column elementor-element elementor-element-e38d7e1\" data-id=\"e38d7e1\" data-element_type=\"column\">\n\t\t\t<div class=\"elementor-widget-wrap elementor-element-populated\">\n\t\t\t\t\t\t\t\t<div class=\"elementor-element elementor-element-a419609 elementor-widget-divider--view-line elementor-widget elementor-widget-divider\" data-id=\"a419609\" data-element_type=\"widget\" data-widget_type=\"divider.default\">\n\t\t\t\t<div class=\"elementor-widget-container\">\n\t\t\t<style>\/*! elementor - v3.7.4 - 31-08-2022 *\/\n.elementor-widget-divider{--divider-border-style:none;--divider-border-width:1px;--divider-color:#2c2c2c;--divider-icon-size:20px;--divider-element-spacing:10px;--divider-pattern-height:24px;--divider-pattern-size:20px;--divider-pattern-url:none;--divider-pattern-repeat:repeat-x}.elementor-widget-divider .elementor-divider{display:-webkit-box;display:-ms-flexbox;display:flex}.elementor-widget-divider .elementor-divider__text{font-size:15px;line-height:1;max-width:95%}.elementor-widget-divider .elementor-divider__element{margin:0 var(--divider-element-spacing);-ms-flex-negative:0;flex-shrink:0}.elementor-widget-divider .elementor-icon{font-size:var(--divider-icon-size)}.elementor-widget-divider .elementor-divider-separator{display:-webkit-box;display:-ms-flexbox;display:flex;margin:0;direction:ltr}.elementor-widget-divider--view-line_icon .elementor-divider-separator,.elementor-widget-divider--view-line_text .elementor-divider-separator{-webkit-box-align:center;-ms-flex-align:center;align-items:center}.elementor-widget-divider--view-line_icon .elementor-divider-separator:after,.elementor-widget-divider--view-line_icon .elementor-divider-separator:before,.elementor-widget-divider--view-line_text .elementor-divider-separator:after,.elementor-widget-divider--view-line_text .elementor-divider-separator:before{display:block;content:\"\";border-bottom:0;-webkit-box-flex:1;-ms-flex-positive:1;flex-grow:1;border-top:var(--divider-border-width) var(--divider-border-style) var(--divider-color)}.elementor-widget-divider--element-align-left .elementor-divider .elementor-divider-separator>.elementor-divider__svg:first-of-type{-webkit-box-flex:0;-ms-flex-positive:0;flex-grow:0;-ms-flex-negative:100;flex-shrink:100}.elementor-widget-divider--element-align-left .elementor-divider-separator:before{content:none}.elementor-widget-divider--element-align-left .elementor-divider__element{margin-left:0}.elementor-widget-divider--element-align-right .elementor-divider .elementor-divider-separator>.elementor-divider__svg:last-of-type{-webkit-box-flex:0;-ms-flex-positive:0;flex-grow:0;-ms-flex-negative:100;flex-shrink:100}.elementor-widget-divider--element-align-right .elementor-divider-separator:after{content:none}.elementor-widget-divider--element-align-right .elementor-divider__element{margin-right:0}.elementor-widget-divider:not(.elementor-widget-divider--view-line_text):not(.elementor-widget-divider--view-line_icon) .elementor-divider-separator{border-top:var(--divider-border-width) var(--divider-border-style) var(--divider-color)}.elementor-widget-divider--separator-type-pattern{--divider-border-style:none}.elementor-widget-divider--separator-type-pattern.elementor-widget-divider--view-line .elementor-divider-separator,.elementor-widget-divider--separator-type-pattern:not(.elementor-widget-divider--view-line) .elementor-divider-separator:after,.elementor-widget-divider--separator-type-pattern:not(.elementor-widget-divider--view-line) .elementor-divider-separator:before,.elementor-widget-divider--separator-type-pattern:not([class*=elementor-widget-divider--view]) .elementor-divider-separator{width:100%;min-height:var(--divider-pattern-height);-webkit-mask-size:var(--divider-pattern-size) 100%;mask-size:var(--divider-pattern-size) 100%;-webkit-mask-repeat:var(--divider-pattern-repeat);mask-repeat:var(--divider-pattern-repeat);background-color:var(--divider-color);-webkit-mask-image:var(--divider-pattern-url);mask-image:var(--divider-pattern-url)}.elementor-widget-divider--no-spacing{--divider-pattern-size:auto}.elementor-widget-divider--bg-round{--divider-pattern-repeat:round}.rtl .elementor-widget-divider .elementor-divider__text{direction:rtl}.e-container>.elementor-widget-divider{width:var(--container-widget-width,100%);--flex-grow:var(--container-widget-flex-grow,0)}<\/style>\t\t<div class=\"elementor-divider\">\n\t\t\t<span class=\"elementor-divider-separator\">\n\t\t\t\t\t\t<\/span>\n\t\t<\/div>\n\t\t\t\t<\/div>\n\t\t\t\t<\/div>\n\t\t\t\t\t<\/div>\n\t\t<\/div>\n\t\t\t\t\t\t\t<\/div>\n\t\t<\/section>\n\t\t\t\t<section class=\"elementor-section elementor-top-section elementor-element elementor-element-823d106 elementor-section-boxed elementor-section-height-default elementor-section-height-default\" data-id=\"823d106\" data-element_type=\"section\">\n\t\t\t\t\t\t<div class=\"elementor-container elementor-column-gap-default\">\n\t\t\t\t\t<div class=\"elementor-column elementor-col-50 elementor-top-column elementor-element elementor-element-dd7c926\" data-id=\"dd7c926\" data-element_type=\"column\">\n\t\t\t<div class=\"elementor-widget-wrap elementor-element-populated\">\n\t\t\t\t\t\t\t\t<div class=\"elementor-element elementor-element-33d0989 elementor-widget elementor-widget-text-editor\" data-id=\"33d0989\" data-element_type=\"widget\" data-widget_type=\"text-editor.default\">\n\t\t\t\t<div class=\"elementor-widget-container\">\n\t\t\t\t\t\t\t<p>Bonjour,<\/p><p><span style=\"color: #ff0000;\">Avez-vous pens\u00e9 au PING ENTREPRISE\u00a0pour d\u00e9velopper votre club?<\/span><\/p><p>Concr\u00e8tement, il s\u2019agit de <span style=\"color: #ff0000;\">cr\u00e9er des relations entre votre club et une ou des entreprises dans votre secteur\u00a0:<\/span><\/p><ul><li>Pour la mise \u00e0 disposition de vos installations \u00e0 des salari\u00e9s<\/li><li>Pour un tournoi<\/li><li>Pour un \u00e9v\u00e9nement unique ou bien de fa\u00e7on plus r\u00e9guli\u00e8re pour un cr\u00e9neau hebdomadaire.<\/li><li>Pour une intervention au sein m\u00eame de l\u2019entreprise.<\/li><\/ul><p><span style=\"color: #ff0000;\">Quel est l\u2019enjeu\u00a0pour votre club?<\/span><\/p><ul><li>Obtenir le paiement de prestations par l\u2019entreprise<\/li><li>Convertir des salari\u00e9s en licenci\u00e9s dans votre club<\/li><li>Convertir l\u2019entreprise en Sponsor pour votre club<\/li><\/ul><p>Pour cela, il faut \u00e9videmment pouvoir disposer de cr\u00e9neaux disponibles et d\u2019animateurs\/b\u00e9n\u00e9voles pour accueillir les joueurs. Le Comit\u00e9 et la Commission D\u00e9veloppement peuvent vous aider\u00a0:<\/p><ul><li>A contacter les entreprises de votre secteur g\u00e9ographique<\/li><li>A mettre en place des activit\u00e9s et \u00e0 les animer.<\/li><\/ul><p><span style=\"color: #ff0000;\">Vous trouverez ci-joint une plaquette de pr\u00e9sentation du PING ENTREPRISE<\/span> que nous avons envoy\u00e9 \u00e0 une s\u00e9lection d\u2019entreprises du d\u00e9partement. N\u2019h\u00e9sitez pas \u00e0 vous-m\u00eames la diffuser aux entreprises que vous connaissez dans votre secteur. Vous pouvez \u00e9galement demander \u00e0 certains de vos joueurs de la relayer aupr\u00e8s de leur employeur ou CCE. La plaquette est modifiable, ajoutez-y une pr\u00e9sentation de votre club\u00a0!<\/p><p>Alexis notre entraineur Comit\u00e9 et Eric notre agent de d\u00e9veloppement pourront vous solliciter pour recueillir vos infos sur votre capacit\u00e9\/volont\u00e9 \u00e0 accueillir des sessions de PING ENTREPRISE . Merci de leur r\u00e9server le meilleur accueil.<\/p><p><span style=\"color: #3366ff;\">Pour toute demande ou information compl\u00e9mentaire, merci de contacter Eric (06 08 65 06 25) ou moi-m\u00eame (06 25 89 18 44).<\/span><\/p><p>Bien cordialement<\/p><p>Herv\u00e9 MICHEL (Pr\u00e9sident de la Commisssion D\u00e9veloppement)<\/p>\t\t\t\t\t\t<\/div>\n\t\t\t\t<\/div>\n\t\t\t\t\t<\/div>\n\t\t<\/div>\n\t\t\t\t<div class=\"elementor-column elementor-col-50 elementor-top-column elementor-element elementor-element-a21c57a\" data-id=\"a21c57a\" data-element_type=\"column\">\n\t\t\t<div class=\"elementor-widget-wrap elementor-element-populated\">\n\t\t\t\t\t\t\t\t<div class=\"elementor-element elementor-element-5ca617c elementor-widget elementor-widget-image\" data-id=\"5ca617c\" data-element_type=\"widget\" data-widget_type=\"image.default\">\n\t\t\t\t<div class=\"elementor-widget-container\">\n\t\t\t\t\t\t\t\t\t\t\t\t\t\t\t\t<a href=\"https:\/\/comiteoisett.fr\/wp-content\/uploads\/2025\/11\/PING-ENTREPRISE-version-A.pdf\">\n\t\t\t\t\t\t\t<img loading=\"lazy\" decoding=\"async\" width=\"524\" height=\"746\" src=\"https:\/\/comiteoisett.fr\/wp-content\/uploads\/2025\/11\/2025-11-CA-du-livret.jpg\" class=\"attachment-large size-large\" alt=\"\" srcset=\"https:\/\/comiteoisett.fr\/wp-content\/uploads\/2025\/11\/2025-11-CA-du-livret.jpg 524w, https:\/\/comiteoisett.fr\/wp-content\/uploads\/2025\/11\/2025-11-CA-du-livret-211x300.jpg 211w\" sizes=\"auto, (max-width: 524px) 100vw, 524px\" \/>\t\t\t\t\t\t\t\t<\/a>\n\t\t\t\t\t\t\t\t\t\t\t\t\t\t\t<\/div>\n\t\t\t\t<\/div>\n\t\t\t\t<div class=\"elementor-element elementor-element-199450d elementor-widget elementor-widget-image\" data-id=\"199450d\" data-element_type=\"widget\" data-widget_type=\"image.default\">\n\t\t\t\t<div class=\"elementor-widget-container\">\n\t\t\t\t\t\t\t\t\t\t\t\t\t\t\t\t<a href=\"https:\/\/comiteoisett.fr\/wp-content\/uploads\/2026\/01\/2026-01-08-plaquette-facebook-ping-entreprise-.png\" data-elementor-open-lightbox=\"yes\" data-elementor-lightbox-title=\"2026 01 08 plaquette facebook ping entreprise\" e-action-hash=\"#elementor-action%3Aaction%3Dlightbox%26settings%3DeyJpZCI6MTYxOTcsInVybCI6Imh0dHBzOlwvXC9jb21pdGVvaXNldHQuZnJcL3dwLWNvbnRlbnRcL3VwbG9hZHNcLzIwMjZcLzAxXC8yMDI2LTAxLTA4LXBsYXF1ZXR0ZS1mYWNlYm9vay1waW5nLWVudHJlcHJpc2UtLnBuZyJ9\">\n\t\t\t\t\t\t\t<img loading=\"lazy\" decoding=\"async\" width=\"683\" height=\"1024\" src=\"https:\/\/comiteoisett.fr\/wp-content\/uploads\/2026\/01\/2026-01-08-plaquette-facebook-ping-entreprise--683x1024.png\" class=\"attachment-large size-large\" alt=\"\" srcset=\"https:\/\/comiteoisett.fr\/wp-content\/uploads\/2026\/01\/2026-01-08-plaquette-facebook-ping-entreprise--683x1024.png 683w, https:\/\/comiteoisett.fr\/wp-content\/uploads\/2026\/01\/2026-01-08-plaquette-facebook-ping-entreprise--200x300.png 200w, https:\/\/comiteoisett.fr\/wp-content\/uploads\/2026\/01\/2026-01-08-plaquette-facebook-ping-entreprise--768x1152.png 768w, https:\/\/comiteoisett.fr\/wp-content\/uploads\/2026\/01\/2026-01-08-plaquette-facebook-ping-entreprise-.png 1024w\" sizes=\"auto, (max-width: 683px) 100vw, 683px\" \/>\t\t\t\t\t\t\t\t<\/a>\n\t\t\t\t\t\t\t\t\t\t\t\t\t\t\t<\/div>\n\t\t\t\t<\/div>\n\t\t\t\t\t<\/div>\n\t\t<\/div>\n\t\t\t\t\t\t\t<\/div>\n\t\t<\/section>\n\t\t\t\t<section class=\"elementor-section elementor-top-section elementor-element elementor-element-bc5bfcc elementor-section-boxed elementor-section-height-default elementor-section-height-default\" data-id=\"bc5bfcc\" data-element_type=\"section\">\n\t\t\t\t\t\t<div class=\"elementor-container elementor-column-gap-default\">\n\t\t\t\t\t<div class=\"elementor-column elementor-col-100 elementor-top-column elementor-element elementor-element-c6a5aea\" data-id=\"c6a5aea\" data-element_type=\"column\">\n\t\t\t<div class=\"elementor-widget-wrap\">\n\t\t\t\t\t\t\t\t\t<\/div>\n\t\t<\/div>\n\t\t\t\t\t\t\t<\/div>\n\t\t<\/section>\n\t\t\t\t\t\t\t<\/div>\n\t\t","protected":false},"excerpt":{"rendered":"<p>Ping Entreprise \u00a0 Pr\u00e9sident de la Commission D\u00e9veloppement:\u00a0 Herv\u00e9 Michel herv\u00e9.michel@comiteoisett.fr\u00a0 Bonjour, Avez-vous pens\u00e9 au PING ENTREPRISE\u00a0pour d\u00e9velopper votre club? Concr\u00e8tement, il s\u2019agit de cr\u00e9er des relations entre votre club et une ou des entreprises dans votre secteur\u00a0: Pour la mise \u00e0 disposition de vos installations \u00e0 des salari\u00e9s Pour un tournoi Pour un \u00e9v\u00e9nement &hellip;<\/p>\n<p class=\"read-more\"> <a class=\"\" href=\"https:\/\/comiteoisett.fr\/index.php\/ping-entreprise\/\"> <span class=\"screen-reader-text\">Ping Entreprise<\/span> Lire la suite\u00a0\u00bb<\/a><\/p>\n","protected":false},"author":2,"featured_media":0,"parent":0,"menu_order":0,"comment_status":"closed","ping_status":"closed","template":"","meta":{"site-sidebar-layout":"no-sidebar","site-content-layout":"page-builder","ast-global-header-display":"","ast-main-header-display":"","ast-hfb-above-header-display":"","ast-hfb-below-header-display":"","ast-hfb-mobile-header-display":"","site-post-title":"disabled","ast-breadcrumbs-content":"","ast-featured-img":"disabled","footer-sml-layout":"","theme-transparent-header-meta":"","adv-header-id-meta":"","stick-header-meta":"","header-above-stick-meta":"","header-main-stick-meta":"","header-below-stick-meta":"","footnotes":""},"class_list":["post-15785","page","type-page","status-publish","hentry"],"_links":{"self":[{"href":"https:\/\/comiteoisett.fr\/index.php\/wp-json\/wp\/v2\/pages\/15785","targetHints":{"allow":["GET"]}}],"collection":[{"href":"https:\/\/comiteoisett.fr\/index.php\/wp-json\/wp\/v2\/pages"}],"about":[{"href":"https:\/\/comiteoisett.fr\/index.php\/wp-json\/wp\/v2\/types\/page"}],"author":[{"embeddable":true,"href":"https:\/\/comiteoisett.fr\/index.php\/wp-json\/wp\/v2\/users\/2"}],"replies":[{"embeddable":true,"href":"https:\/\/comiteoisett.fr\/index.php\/wp-json\/wp\/v2\/comments?post=15785"}],"version-history":[{"count":14,"href":"https:\/\/comiteoisett.fr\/index.php\/wp-json\/wp\/v2\/pages\/15785\/revisions"}],"predecessor-version":[{"id":16201,"href":"https:\/\/comiteoisett.fr\/index.php\/wp-json\/wp\/v2\/pages\/15785\/revisions\/16201"}],"wp:attachment":[{"href":"https:\/\/comiteoisett.fr\/index.php\/wp-json\/wp\/v2\/media?parent=15785"}],"curies":[{"name":"wp","href":"https:\/\/api.w.org\/{rel}","templated":true}]}}