{"id":17183,"date":"2026-04-17T17:36:34","date_gmt":"2026-04-17T15:36:34","guid":{"rendered":"https:\/\/comiteoisett.fr\/?page_id=17183"},"modified":"2026-04-17T17:45:35","modified_gmt":"2026-04-17T15:45:35","slug":"conference-preparation-mentale","status":"publish","type":"page","link":"https:\/\/comiteoisett.fr\/index.php\/conference-preparation-mentale\/","title":{"rendered":"Conf\u00e9rence Pr\u00e9paration Mentale"},"content":{"rendered":"\t\t<div data-elementor-type=\"wp-page\" data-elementor-id=\"17183\" class=\"elementor elementor-17183\">\n\t\t\t\t\t\t\t\t\t<section class=\"elementor-section elementor-top-section elementor-element elementor-element-b42b0f1 elementor-section-boxed elementor-section-height-default elementor-section-height-default\" data-id=\"b42b0f1\" data-element_type=\"section\">\n\t\t\t\t\t\t<div class=\"elementor-container elementor-column-gap-default\">\n\t\t\t\t\t<div class=\"elementor-column elementor-col-100 elementor-top-column elementor-element elementor-element-023888b\" data-id=\"023888b\" data-element_type=\"column\">\n\t\t\t<div class=\"elementor-widget-wrap elementor-element-populated\">\n\t\t\t\t\t\t\t\t<div class=\"elementor-element elementor-element-4f50cdc elementor-widget elementor-widget-heading\" data-id=\"4f50cdc\" data-element_type=\"widget\" data-widget_type=\"heading.default\">\n\t\t\t\t<div class=\"elementor-widget-container\">\n\t\t\t<style>\/*! elementor - v3.7.4 - 31-08-2022 *\/\n.elementor-heading-title{padding:0;margin:0;line-height:1}.elementor-widget-heading .elementor-heading-title[class*=elementor-size-]>a{color:inherit;font-size:inherit;line-height:inherit}.elementor-widget-heading .elementor-heading-title.elementor-size-small{font-size:15px}.elementor-widget-heading .elementor-heading-title.elementor-size-medium{font-size:19px}.elementor-widget-heading .elementor-heading-title.elementor-size-large{font-size:29px}.elementor-widget-heading .elementor-heading-title.elementor-size-xl{font-size:39px}.elementor-widget-heading .elementor-heading-title.elementor-size-xxl{font-size:59px}<\/style><h1 class=\"elementor-heading-title elementor-size-default\">Conf\u00e9rence autour de la pr\u00e9paration mentale du pongiste <br>et la gestion des \u00e9motions <\/h1>\t\t<\/div>\n\t\t\t\t<\/div>\n\t\t\t\t\t<\/div>\n\t\t<\/div>\n\t\t\t\t\t\t\t<\/div>\n\t\t<\/section>\n\t\t\t\t<section class=\"elementor-section elementor-top-section elementor-element elementor-element-3452973 elementor-section-boxed elementor-section-height-default elementor-section-height-default\" data-id=\"3452973\" data-element_type=\"section\">\n\t\t\t\t\t\t<div class=\"elementor-container elementor-column-gap-default\">\n\t\t\t\t\t<div class=\"elementor-column elementor-col-100 elementor-top-column elementor-element elementor-element-6bbdd08\" data-id=\"6bbdd08\" data-element_type=\"column\">\n\t\t\t<div class=\"elementor-widget-wrap elementor-element-populated\">\n\t\t\t\t\t\t\t\t<div class=\"elementor-element elementor-element-2f3a5a2 elementor-widget-divider--view-line elementor-widget elementor-widget-divider\" data-id=\"2f3a5a2\" data-element_type=\"widget\" data-widget_type=\"divider.default\">\n\t\t\t\t<div class=\"elementor-widget-container\">\n\t\t\t<style>\/*! elementor - v3.7.4 - 31-08-2022 *\/\n.elementor-widget-divider{--divider-border-style:none;--divider-border-width:1px;--divider-color:#2c2c2c;--divider-icon-size:20px;--divider-element-spacing:10px;--divider-pattern-height:24px;--divider-pattern-size:20px;--divider-pattern-url:none;--divider-pattern-repeat:repeat-x}.elementor-widget-divider .elementor-divider{display:-webkit-box;display:-ms-flexbox;display:flex}.elementor-widget-divider .elementor-divider__text{font-size:15px;line-height:1;max-width:95%}.elementor-widget-divider .elementor-divider__element{margin:0 var(--divider-element-spacing);-ms-flex-negative:0;flex-shrink:0}.elementor-widget-divider .elementor-icon{font-size:var(--divider-icon-size)}.elementor-widget-divider .elementor-divider-separator{display:-webkit-box;display:-ms-flexbox;display:flex;margin:0;direction:ltr}.elementor-widget-divider--view-line_icon .elementor-divider-separator,.elementor-widget-divider--view-line_text .elementor-divider-separator{-webkit-box-align:center;-ms-flex-align:center;align-items:center}.elementor-widget-divider--view-line_icon .elementor-divider-separator:after,.elementor-widget-divider--view-line_icon .elementor-divider-separator:before,.elementor-widget-divider--view-line_text .elementor-divider-separator:after,.elementor-widget-divider--view-line_text .elementor-divider-separator:before{display:block;content:\"\";border-bottom:0;-webkit-box-flex:1;-ms-flex-positive:1;flex-grow:1;border-top:var(--divider-border-width) var(--divider-border-style) var(--divider-color)}.elementor-widget-divider--element-align-left .elementor-divider .elementor-divider-separator>.elementor-divider__svg:first-of-type{-webkit-box-flex:0;-ms-flex-positive:0;flex-grow:0;-ms-flex-negative:100;flex-shrink:100}.elementor-widget-divider--element-align-left .elementor-divider-separator:before{content:none}.elementor-widget-divider--element-align-left .elementor-divider__element{margin-left:0}.elementor-widget-divider--element-align-right .elementor-divider .elementor-divider-separator>.elementor-divider__svg:last-of-type{-webkit-box-flex:0;-ms-flex-positive:0;flex-grow:0;-ms-flex-negative:100;flex-shrink:100}.elementor-widget-divider--element-align-right .elementor-divider-separator:after{content:none}.elementor-widget-divider--element-align-right .elementor-divider__element{margin-right:0}.elementor-widget-divider:not(.elementor-widget-divider--view-line_text):not(.elementor-widget-divider--view-line_icon) .elementor-divider-separator{border-top:var(--divider-border-width) var(--divider-border-style) var(--divider-color)}.elementor-widget-divider--separator-type-pattern{--divider-border-style:none}.elementor-widget-divider--separator-type-pattern.elementor-widget-divider--view-line .elementor-divider-separator,.elementor-widget-divider--separator-type-pattern:not(.elementor-widget-divider--view-line) .elementor-divider-separator:after,.elementor-widget-divider--separator-type-pattern:not(.elementor-widget-divider--view-line) .elementor-divider-separator:before,.elementor-widget-divider--separator-type-pattern:not([class*=elementor-widget-divider--view]) .elementor-divider-separator{width:100%;min-height:var(--divider-pattern-height);-webkit-mask-size:var(--divider-pattern-size) 100%;mask-size:var(--divider-pattern-size) 100%;-webkit-mask-repeat:var(--divider-pattern-repeat);mask-repeat:var(--divider-pattern-repeat);background-color:var(--divider-color);-webkit-mask-image:var(--divider-pattern-url);mask-image:var(--divider-pattern-url)}.elementor-widget-divider--no-spacing{--divider-pattern-size:auto}.elementor-widget-divider--bg-round{--divider-pattern-repeat:round}.rtl .elementor-widget-divider .elementor-divider__text{direction:rtl}.e-container>.elementor-widget-divider{width:var(--container-widget-width,100%);--flex-grow:var(--container-widget-flex-grow,0)}<\/style>\t\t<div class=\"elementor-divider\">\n\t\t\t<span class=\"elementor-divider-separator\">\n\t\t\t\t\t\t<\/span>\n\t\t<\/div>\n\t\t\t\t<\/div>\n\t\t\t\t<\/div>\n\t\t\t\t\t<\/div>\n\t\t<\/div>\n\t\t\t\t\t\t\t<\/div>\n\t\t<\/section>\n\t\t\t\t<section class=\"elementor-section elementor-top-section elementor-element elementor-element-270e2b1 elementor-section-boxed elementor-section-height-default elementor-section-height-default\" data-id=\"270e2b1\" data-element_type=\"section\">\n\t\t\t\t\t\t<div class=\"elementor-container elementor-column-gap-default\">\n\t\t\t\t\t<div class=\"elementor-column elementor-col-50 elementor-top-column elementor-element elementor-element-0cba8c7\" data-id=\"0cba8c7\" data-element_type=\"column\">\n\t\t\t<div class=\"elementor-widget-wrap elementor-element-populated\">\n\t\t\t\t\t\t\t\t<div class=\"elementor-element elementor-element-a0d1a7f elementor-widget elementor-widget-text-editor\" data-id=\"a0d1a7f\" data-element_type=\"widget\" data-widget_type=\"text-editor.default\">\n\t\t\t\t<div class=\"elementor-widget-container\">\n\t\t\t<style>\/*! elementor - v3.7.4 - 31-08-2022 *\/\n.elementor-widget-text-editor.elementor-drop-cap-view-stacked .elementor-drop-cap{background-color:#818a91;color:#fff}.elementor-widget-text-editor.elementor-drop-cap-view-framed .elementor-drop-cap{color:#818a91;border:3px solid;background-color:transparent}.elementor-widget-text-editor:not(.elementor-drop-cap-view-default) .elementor-drop-cap{margin-top:8px}.elementor-widget-text-editor:not(.elementor-drop-cap-view-default) .elementor-drop-cap-letter{width:1em;height:1em}.elementor-widget-text-editor .elementor-drop-cap{float:left;text-align:center;line-height:1;font-size:50px}.elementor-widget-text-editor .elementor-drop-cap-letter{display:inline-block}<\/style>\t\t\t\t<p>17-04-2026\u00a0<\/p><p>On en parle tout le temps\u2026 mais sait-on vraiment ce que c\u2019est ?<\/p><p>Le mental est souvent \u00e9voqu\u00e9 apr\u00e8s un match serr\u00e9, une contre-performance ou au moment d\u2019aborder une comp\u00e9tition importante. \u201cC\u2019est dans la t\u00eate\u201d, \u201cil faut \u00eatre fort mentalement\u201d\u2026 Oui, mais concr\u00e8tement, qu\u2019est-ce que cela signifie ? Et surtout, comment le travailler ?<\/p><p><span style=\"color: #ff0000;\"><strong>Nous vous proposons une conf\u00e9rence in\u00e9dite sur le th\u00e8me :<\/strong><\/span><br \/><span style=\"color: #ff0000;\"><strong>\u00ab Le mental, c\u2019est important ! \u00bb<\/strong><\/span><br \/><img decoding=\"async\" class=\"emoji\" role=\"img\" draggable=\"false\" src=\"https:\/\/s.w.org\/images\/core\/emoji\/17.0.2\/svg\/1f449.svg\" alt=\"\ud83d\udc49\" \/>\u00a0Au programme :<br \/>\u2022 Comprendre ce qu\u2019est r\u00e9ellement le mental dans le sport<br \/>\u2022 D\u00e9couvrir les grands principes de la pr\u00e9paration mentale et de la gestion des \u00e9motions<br \/>\u2022 Apprendre des techniques simples et concr\u00e8tes pour mieux g\u00e9rer ses matchs<br \/>\u2022 Donner des outils utiles aussi bien aux joueurs qu\u2019aux entra\u00eeneurs<br \/>Que vous soyez comp\u00e9titeur, entra\u00eeneur ou simplement passionn\u00e9, cette conf\u00e9rence vous apportera des cl\u00e9s pour progresser autrement\u2026 et peut-\u00eatre faire la diff\u00e9rence l\u00e0 o\u00f9 tout se joue.<\/p><p>Le conf\u00e9rencier, J\u00e9r\u00e9my GRENADE est un professionnel de l\u2019accompagnement des sportifs de haut niveau. Il saura partager avec vous son exp\u00e9rience et sa passion : optimiser le potentiel de l\u2019humain dans des environnements stressants.<\/p><p><img decoding=\"async\" class=\"emoji\" role=\"img\" draggable=\"false\" src=\"https:\/\/s.w.org\/images\/core\/emoji\/17.0.2\/svg\/1f4c5.svg\" alt=\"\ud83d\udcc5\" \/>\u00a0<span style=\"color: #ff0000;\">29 Mai 2026<\/span><br \/><img decoding=\"async\" class=\"emoji\" role=\"img\" draggable=\"false\" src=\"https:\/\/s.w.org\/images\/core\/emoji\/17.0.2\/svg\/1f4cd.svg\" alt=\"\ud83d\udccd\" \/>\u00a0Complexe sportif Henri Salvador. 2 rue Grignard <span style=\"color: #ff0000;\">Villers St Paul<\/span><br \/><img decoding=\"async\" class=\"emoji\" role=\"img\" draggable=\"false\" src=\"https:\/\/s.w.org\/images\/core\/emoji\/17.0.2\/svg\/23f0.svg\" alt=\"\u23f0\" \/>\u00a019h00 \u2013 21h30 (Ouverture des portes \u00e0 18h30)<\/p><p>N\u2019attendez plus pour d\u00e9velopper votre jeu\u2026 de l\u2019int\u00e9rieur !<br \/>Nous esp\u00e9rons vous voir nombreux. Le nombre de places \u00e9tant limit\u00e9, n\u2019attendez pas pour r\u00e9server au moyen du formulaire ci-dessous:<br \/><a href=\"https:\/\/docs.google.com\/forms\/d\/e\/1FAIpQLSfWmfXcjUdxLZZWcGgwx7qNcCmOHNJ_jnOpjhwtc1GDlHTiNQ\/viewform?usp=publish-editor\">https:\/\/docs.google.com\/forms\/d\/e\/1FAIpQLSfWmfXcjUdxLZZWcGgwx7qNcCmOHNJ_jnOpjhwtc1GDlHTiNQ\/viewform?usp=publish-editor<\/a><\/p><p>Sportivement,<\/p><p>Manuel FOFANA et Herv\u00e9 MICHEL (Elus au CD OISE)\u00a0<\/p>\t\t\t\t\t\t<\/div>\n\t\t\t\t<\/div>\n\t\t\t\t\t<\/div>\n\t\t<\/div>\n\t\t\t\t<div class=\"elementor-column elementor-col-50 elementor-top-column elementor-element elementor-element-8432155\" data-id=\"8432155\" data-element_type=\"column\">\n\t\t\t<div class=\"elementor-widget-wrap elementor-element-populated\">\n\t\t\t\t\t\t\t\t<div class=\"elementor-element elementor-element-11b8583 elementor-widget elementor-widget-image\" data-id=\"11b8583\" data-element_type=\"widget\" data-widget_type=\"image.default\">\n\t\t\t\t<div class=\"elementor-widget-container\">\n\t\t\t<style>\/*! elementor - v3.7.4 - 31-08-2022 *\/\n.elementor-widget-image{text-align:center}.elementor-widget-image a{display:inline-block}.elementor-widget-image a img[src$=\".svg\"]{width:48px}.elementor-widget-image img{vertical-align:middle;display:inline-block}<\/style>\t\t\t\t\t\t\t\t\t\t\t\t\t<a href=\"https:\/\/comiteoisett.fr\/wp-content\/uploads\/2026\/04\/2026-05-Conference-Prepa-mentale.jpg\" data-elementor-open-lightbox=\"yes\" data-elementor-lightbox-title=\"2026-05 Conf\u00e9rence Pr\u00e9pa mentale\" e-action-hash=\"#elementor-action%3Aaction%3Dlightbox%26settings%3DeyJpZCI6MTcxODQsInVybCI6Imh0dHBzOlwvXC9jb21pdGVvaXNldHQuZnJcL3dwLWNvbnRlbnRcL3VwbG9hZHNcLzIwMjZcLzA0XC8yMDI2LTA1LUNvbmZlcmVuY2UtUHJlcGEtbWVudGFsZS5qcGcifQ%3D%3D\">\n\t\t\t\t\t\t\t<img loading=\"lazy\" decoding=\"async\" width=\"595\" height=\"842\" src=\"https:\/\/comiteoisett.fr\/wp-content\/uploads\/2026\/04\/2026-05-Conference-Prepa-mentale.jpg\" class=\"attachment-large size-large\" alt=\"\" srcset=\"https:\/\/comiteoisett.fr\/wp-content\/uploads\/2026\/04\/2026-05-Conference-Prepa-mentale.jpg 595w, https:\/\/comiteoisett.fr\/wp-content\/uploads\/2026\/04\/2026-05-Conference-Prepa-mentale-212x300.jpg 212w\" sizes=\"auto, (max-width: 595px) 100vw, 595px\" \/>\t\t\t\t\t\t\t\t<\/a>\n\t\t\t\t\t\t\t\t\t\t\t\t\t\t\t<\/div>\n\t\t\t\t<\/div>\n\t\t\t\t\t<\/div>\n\t\t<\/div>\n\t\t\t\t\t\t\t<\/div>\n\t\t<\/section>\n\t\t\t\t\t\t\t<\/div>\n\t\t","protected":false},"excerpt":{"rendered":"<p>Conf\u00e9rence autour de la pr\u00e9paration mentale du pongiste et la gestion des \u00e9motions 17-04-2026\u00a0 On en parle tout le temps\u2026 mais sait-on vraiment ce que c\u2019est ? Le mental est souvent \u00e9voqu\u00e9 apr\u00e8s un match serr\u00e9, une contre-performance ou au moment d\u2019aborder une comp\u00e9tition importante. \u201cC\u2019est dans la t\u00eate\u201d, \u201cil faut \u00eatre fort mentalement\u201d\u2026 Oui, &hellip;<\/p>\n<p class=\"read-more\"> <a class=\"\" href=\"https:\/\/comiteoisett.fr\/index.php\/conference-preparation-mentale\/\"> <span class=\"screen-reader-text\">Conf\u00e9rence Pr\u00e9paration Mentale<\/span> Lire la suite\u00a0\u00bb<\/a><\/p>\n","protected":false},"author":2,"featured_media":0,"parent":0,"menu_order":0,"comment_status":"closed","ping_status":"closed","template":"","meta":{"site-sidebar-layout":"no-sidebar","site-content-layout":"page-builder","ast-global-header-display":"","ast-main-header-display":"","ast-hfb-above-header-display":"","ast-hfb-below-header-display":"","ast-hfb-mobile-header-display":"","site-post-title":"disabled","ast-breadcrumbs-content":"","ast-featured-img":"disabled","footer-sml-layout":"","theme-transparent-header-meta":"","adv-header-id-meta":"","stick-header-meta":"","header-above-stick-meta":"","header-main-stick-meta":"","header-below-stick-meta":"","footnotes":""},"class_list":["post-17183","page","type-page","status-publish","hentry"],"_links":{"self":[{"href":"https:\/\/comiteoisett.fr\/index.php\/wp-json\/wp\/v2\/pages\/17183","targetHints":{"allow":["GET"]}}],"collection":[{"href":"https:\/\/comiteoisett.fr\/index.php\/wp-json\/wp\/v2\/pages"}],"about":[{"href":"https:\/\/comiteoisett.fr\/index.php\/wp-json\/wp\/v2\/types\/page"}],"author":[{"embeddable":true,"href":"https:\/\/comiteoisett.fr\/index.php\/wp-json\/wp\/v2\/users\/2"}],"replies":[{"embeddable":true,"href":"https:\/\/comiteoisett.fr\/index.php\/wp-json\/wp\/v2\/comments?post=17183"}],"version-history":[{"count":10,"href":"https:\/\/comiteoisett.fr\/index.php\/wp-json\/wp\/v2\/pages\/17183\/revisions"}],"predecessor-version":[{"id":17194,"href":"https:\/\/comiteoisett.fr\/index.php\/wp-json\/wp\/v2\/pages\/17183\/revisions\/17194"}],"wp:attachment":[{"href":"https:\/\/comiteoisett.fr\/index.php\/wp-json\/wp\/v2\/media?parent=17183"}],"curies":[{"name":"wp","href":"https:\/\/api.w.org\/{rel}","templated":true}]}}