{"id":2649,"date":"2022-09-12T18:59:59","date_gmt":"2022-09-12T16:59:59","guid":{"rendered":"https:\/\/comiteoisett.fr\/?page_id=2649"},"modified":"2026-01-27T11:43:20","modified_gmt":"2026-01-27T10:43:20","slug":"assemblee-generale-2","status":"publish","type":"page","link":"https:\/\/comiteoisett.fr\/index.php\/assemblee-generale-2\/","title":{"rendered":"Assembl\u00e9e G\u00e9n\u00e9rale"},"content":{"rendered":"\t\t<div data-elementor-type=\"wp-page\" data-elementor-id=\"2649\" class=\"elementor elementor-2649\">\n\t\t\t\t\t\t\t\t\t<section class=\"elementor-section elementor-top-section elementor-element elementor-element-9b381b9 elementor-section-boxed elementor-section-height-default elementor-section-height-default\" data-id=\"9b381b9\" data-element_type=\"section\">\n\t\t\t\t\t\t<div class=\"elementor-container elementor-column-gap-default\">\n\t\t\t\t\t<div class=\"elementor-column elementor-col-25 elementor-top-column elementor-element elementor-element-9de3a6e\" data-id=\"9de3a6e\" data-element_type=\"column\">\n\t\t\t<div class=\"elementor-widget-wrap\">\n\t\t\t\t\t\t\t\t\t<\/div>\n\t\t<\/div>\n\t\t\t\t<div class=\"elementor-column elementor-col-25 elementor-top-column elementor-element elementor-element-43c5f25\" data-id=\"43c5f25\" data-element_type=\"column\">\n\t\t\t<div class=\"elementor-widget-wrap elementor-element-populated\">\n\t\t\t\t\t\t\t\t<div class=\"elementor-element elementor-element-5a3191f elementor-widget elementor-widget-image\" data-id=\"5a3191f\" data-element_type=\"widget\" data-widget_type=\"image.default\">\n\t\t\t\t<div class=\"elementor-widget-container\">\n\t\t\t<style>\/*! elementor - v3.7.4 - 31-08-2022 *\/\n.elementor-widget-image{text-align:center}.elementor-widget-image a{display:inline-block}.elementor-widget-image a img[src$=\".svg\"]{width:48px}.elementor-widget-image img{vertical-align:middle;display:inline-block}<\/style>\t\t\t\t\t\t\t\t\t\t\t\t<img loading=\"lazy\" decoding=\"async\" width=\"300\" height=\"178\" src=\"https:\/\/comiteoisett.fr\/wp-content\/uploads\/2022\/08\/AG-e1685019626850.png\" class=\"attachment-large size-large\" alt=\"\" \/>\t\t\t\t\t\t\t\t\t\t\t\t\t\t\t<\/div>\n\t\t\t\t<\/div>\n\t\t\t\t\t<\/div>\n\t\t<\/div>\n\t\t\t\t<div class=\"elementor-column elementor-col-25 elementor-top-column elementor-element elementor-element-643977f\" data-id=\"643977f\" data-element_type=\"column\">\n\t\t\t<div class=\"elementor-widget-wrap\">\n\t\t\t\t\t\t\t\t\t<\/div>\n\t\t<\/div>\n\t\t\t\t<div class=\"elementor-column elementor-col-25 elementor-top-column elementor-element elementor-element-18eed95\" data-id=\"18eed95\" data-element_type=\"column\">\n\t\t\t<div class=\"elementor-widget-wrap\">\n\t\t\t\t\t\t\t\t\t<\/div>\n\t\t<\/div>\n\t\t\t\t\t\t\t<\/div>\n\t\t<\/section>\n\t\t\t\t<section class=\"elementor-section elementor-top-section elementor-element elementor-element-f0c5f25 elementor-section-boxed elementor-section-height-default elementor-section-height-default\" data-id=\"f0c5f25\" data-element_type=\"section\">\n\t\t\t\t\t\t<div class=\"elementor-container elementor-column-gap-default\">\n\t\t\t\t\t<div class=\"elementor-column elementor-col-100 elementor-top-column elementor-element elementor-element-266a924\" data-id=\"266a924\" data-element_type=\"column\">\n\t\t\t<div class=\"elementor-widget-wrap elementor-element-populated\">\n\t\t\t\t\t\t\t\t<div class=\"elementor-element elementor-element-5622f87 elementor-widget-divider--view-line elementor-widget elementor-widget-divider\" data-id=\"5622f87\" data-element_type=\"widget\" data-widget_type=\"divider.default\">\n\t\t\t\t<div class=\"elementor-widget-container\">\n\t\t\t<style>\/*! elementor - v3.7.4 - 31-08-2022 *\/\n.elementor-widget-divider{--divider-border-style:none;--divider-border-width:1px;--divider-color:#2c2c2c;--divider-icon-size:20px;--divider-element-spacing:10px;--divider-pattern-height:24px;--divider-pattern-size:20px;--divider-pattern-url:none;--divider-pattern-repeat:repeat-x}.elementor-widget-divider .elementor-divider{display:-webkit-box;display:-ms-flexbox;display:flex}.elementor-widget-divider .elementor-divider__text{font-size:15px;line-height:1;max-width:95%}.elementor-widget-divider .elementor-divider__element{margin:0 var(--divider-element-spacing);-ms-flex-negative:0;flex-shrink:0}.elementor-widget-divider .elementor-icon{font-size:var(--divider-icon-size)}.elementor-widget-divider .elementor-divider-separator{display:-webkit-box;display:-ms-flexbox;display:flex;margin:0;direction:ltr}.elementor-widget-divider--view-line_icon .elementor-divider-separator,.elementor-widget-divider--view-line_text .elementor-divider-separator{-webkit-box-align:center;-ms-flex-align:center;align-items:center}.elementor-widget-divider--view-line_icon .elementor-divider-separator:after,.elementor-widget-divider--view-line_icon .elementor-divider-separator:before,.elementor-widget-divider--view-line_text .elementor-divider-separator:after,.elementor-widget-divider--view-line_text .elementor-divider-separator:before{display:block;content:\"\";border-bottom:0;-webkit-box-flex:1;-ms-flex-positive:1;flex-grow:1;border-top:var(--divider-border-width) var(--divider-border-style) var(--divider-color)}.elementor-widget-divider--element-align-left .elementor-divider .elementor-divider-separator>.elementor-divider__svg:first-of-type{-webkit-box-flex:0;-ms-flex-positive:0;flex-grow:0;-ms-flex-negative:100;flex-shrink:100}.elementor-widget-divider--element-align-left .elementor-divider-separator:before{content:none}.elementor-widget-divider--element-align-left .elementor-divider__element{margin-left:0}.elementor-widget-divider--element-align-right .elementor-divider .elementor-divider-separator>.elementor-divider__svg:last-of-type{-webkit-box-flex:0;-ms-flex-positive:0;flex-grow:0;-ms-flex-negative:100;flex-shrink:100}.elementor-widget-divider--element-align-right .elementor-divider-separator:after{content:none}.elementor-widget-divider--element-align-right .elementor-divider__element{margin-right:0}.elementor-widget-divider:not(.elementor-widget-divider--view-line_text):not(.elementor-widget-divider--view-line_icon) .elementor-divider-separator{border-top:var(--divider-border-width) var(--divider-border-style) var(--divider-color)}.elementor-widget-divider--separator-type-pattern{--divider-border-style:none}.elementor-widget-divider--separator-type-pattern.elementor-widget-divider--view-line .elementor-divider-separator,.elementor-widget-divider--separator-type-pattern:not(.elementor-widget-divider--view-line) .elementor-divider-separator:after,.elementor-widget-divider--separator-type-pattern:not(.elementor-widget-divider--view-line) .elementor-divider-separator:before,.elementor-widget-divider--separator-type-pattern:not([class*=elementor-widget-divider--view]) .elementor-divider-separator{width:100%;min-height:var(--divider-pattern-height);-webkit-mask-size:var(--divider-pattern-size) 100%;mask-size:var(--divider-pattern-size) 100%;-webkit-mask-repeat:var(--divider-pattern-repeat);mask-repeat:var(--divider-pattern-repeat);background-color:var(--divider-color);-webkit-mask-image:var(--divider-pattern-url);mask-image:var(--divider-pattern-url)}.elementor-widget-divider--no-spacing{--divider-pattern-size:auto}.elementor-widget-divider--bg-round{--divider-pattern-repeat:round}.rtl .elementor-widget-divider .elementor-divider__text{direction:rtl}.e-container>.elementor-widget-divider{width:var(--container-widget-width,100%);--flex-grow:var(--container-widget-flex-grow,0)}<\/style>\t\t<div class=\"elementor-divider\">\n\t\t\t<span class=\"elementor-divider-separator\">\n\t\t\t\t\t\t<\/span>\n\t\t<\/div>\n\t\t\t\t<\/div>\n\t\t\t\t<\/div>\n\t\t\t\t\t<\/div>\n\t\t<\/div>\n\t\t\t\t\t\t\t<\/div>\n\t\t<\/section>\n\t\t\t\t<section class=\"elementor-section elementor-top-section elementor-element elementor-element-efae2db elementor-section-boxed elementor-section-height-default elementor-section-height-default\" data-id=\"efae2db\" data-element_type=\"section\">\n\t\t\t\t\t\t<div class=\"elementor-container elementor-column-gap-default\">\n\t\t\t\t\t<div class=\"elementor-column elementor-col-100 elementor-top-column elementor-element elementor-element-3294f7b\" data-id=\"3294f7b\" data-element_type=\"column\">\n\t\t\t<div class=\"elementor-widget-wrap elementor-element-populated\">\n\t\t\t\t\t\t\t\t<div class=\"elementor-element elementor-element-d113fa6 elementor-widget elementor-widget-heading\" data-id=\"d113fa6\" data-element_type=\"widget\" data-widget_type=\"heading.default\">\n\t\t\t\t<div class=\"elementor-widget-container\">\n\t\t\t<style>\/*! elementor - v3.7.4 - 31-08-2022 *\/\n.elementor-heading-title{padding:0;margin:0;line-height:1}.elementor-widget-heading .elementor-heading-title[class*=elementor-size-]>a{color:inherit;font-size:inherit;line-height:inherit}.elementor-widget-heading .elementor-heading-title.elementor-size-small{font-size:15px}.elementor-widget-heading .elementor-heading-title.elementor-size-medium{font-size:19px}.elementor-widget-heading .elementor-heading-title.elementor-size-large{font-size:29px}.elementor-widget-heading .elementor-heading-title.elementor-size-xl{font-size:39px}.elementor-widget-heading .elementor-heading-title.elementor-size-xxl{font-size:59px}<\/style><h2 class=\"elementor-heading-title elementor-size-default\">Assembl\u00e9e G\u00e9n\u00e9rale ordinaire - Le 30 ao\u00fbt 2025 \u00e0 Clermont<\/h2>\t\t<\/div>\n\t\t\t\t<\/div>\n\t\t\t\t\t<\/div>\n\t\t<\/div>\n\t\t\t\t\t\t\t<\/div>\n\t\t<\/section>\n\t\t\t\t<section class=\"elementor-section elementor-top-section elementor-element elementor-element-f3692f9 elementor-section-boxed elementor-section-height-default elementor-section-height-default\" data-id=\"f3692f9\" data-element_type=\"section\">\n\t\t\t\t\t\t<div class=\"elementor-container elementor-column-gap-default\">\n\t\t\t\t\t<div class=\"elementor-column elementor-col-25 elementor-top-column elementor-element elementor-element-e4d81bc\" data-id=\"e4d81bc\" data-element_type=\"column\">\n\t\t\t<div class=\"elementor-widget-wrap elementor-element-populated\">\n\t\t\t\t\t\t\t\t<div class=\"elementor-element elementor-element-87bbe57 elementor-widget elementor-widget-text-editor\" data-id=\"87bbe57\" data-element_type=\"widget\" data-widget_type=\"text-editor.default\">\n\t\t\t\t<div class=\"elementor-widget-container\">\n\t\t\t<style>\/*! elementor - v3.7.4 - 31-08-2022 *\/\n.elementor-widget-text-editor.elementor-drop-cap-view-stacked .elementor-drop-cap{background-color:#818a91;color:#fff}.elementor-widget-text-editor.elementor-drop-cap-view-framed .elementor-drop-cap{color:#818a91;border:3px solid;background-color:transparent}.elementor-widget-text-editor:not(.elementor-drop-cap-view-default) .elementor-drop-cap{margin-top:8px}.elementor-widget-text-editor:not(.elementor-drop-cap-view-default) .elementor-drop-cap-letter{width:1em;height:1em}.elementor-widget-text-editor .elementor-drop-cap{float:left;text-align:center;line-height:1;font-size:50px}.elementor-widget-text-editor .elementor-drop-cap-letter{display:inline-block}<\/style>\t\t\t\t<p>\u00a0<\/p><ul><li><a href=\"https:\/\/comiteoisett.fr\/wp-content\/uploads\/2026\/01\/2025-08-30-PV-AG-CLERMONT-VDEF.pdf\">PV de l&rsquo;Assembl\u00e9e G\u00e9narale du 30 aout 2025<\/a><\/li><li><a href=\"https:\/\/comiteoisett.fr\/wp-content\/uploads\/2025\/09\/2025-09-2024-2025-Rapport-dactivite-V2.pdf\">Rapport d&rsquo;activit\u00e9s de la saison sportive 2024-2025<\/a><\/li><\/ul><ul><li><a href=\"https:\/\/comiteoisett.fr\/index.php\/challenge-dynamique-et-licenciation\/\">R\u00e9sultats des Challenges\u00a0<\/a><\/li><li><a href=\"https:\/\/comiteoisett.fr\/index.php\/trophees-delaruelle\/\">Laur\u00e9ats des Troph\u00e9es Delaruelle<\/a><\/li><\/ul>\t\t\t\t\t\t<\/div>\n\t\t\t\t<\/div>\n\t\t\t\t\t<\/div>\n\t\t<\/div>\n\t\t\t\t<div class=\"elementor-column elementor-col-25 elementor-top-column elementor-element elementor-element-40cd598\" data-id=\"40cd598\" data-element_type=\"column\">\n\t\t\t<div class=\"elementor-widget-wrap\">\n\t\t\t\t\t\t\t\t\t<\/div>\n\t\t<\/div>\n\t\t\t\t<div class=\"elementor-column elementor-col-25 elementor-top-column elementor-element elementor-element-2446d87\" data-id=\"2446d87\" data-element_type=\"column\">\n\t\t\t<div class=\"elementor-widget-wrap elementor-element-populated\">\n\t\t\t\t\t\t\t\t<div class=\"elementor-element elementor-element-7e6ffed elementor-widget elementor-widget-image\" data-id=\"7e6ffed\" data-element_type=\"widget\" data-widget_type=\"image.default\">\n\t\t\t\t<div class=\"elementor-widget-container\">\n\t\t\t\t\t\t\t\t\t\t\t\t\t\t\t<img loading=\"lazy\" decoding=\"async\" width=\"1024\" height=\"768\" src=\"https:\/\/comiteoisett.fr\/wp-content\/uploads\/2025\/09\/2025-08-AG-6-1024x768.jpg\" class=\"attachment-large size-large\" alt=\"\" srcset=\"https:\/\/comiteoisett.fr\/wp-content\/uploads\/2025\/09\/2025-08-AG-6-1024x768.jpg 1024w, https:\/\/comiteoisett.fr\/wp-content\/uploads\/2025\/09\/2025-08-AG-6-300x225.jpg 300w, https:\/\/comiteoisett.fr\/wp-content\/uploads\/2025\/09\/2025-08-AG-6-768x576.jpg 768w, https:\/\/comiteoisett.fr\/wp-content\/uploads\/2025\/09\/2025-08-AG-6-1536x1152.jpg 1536w, https:\/\/comiteoisett.fr\/wp-content\/uploads\/2025\/09\/2025-08-AG-6.jpg 2048w\" sizes=\"auto, (max-width: 1024px) 100vw, 1024px\" \/>\t\t\t\t\t\t\t\t\t\t\t\t\t\t\t<\/div>\n\t\t\t\t<\/div>\n\t\t\t\t\t<\/div>\n\t\t<\/div>\n\t\t\t\t<div class=\"elementor-column elementor-col-25 elementor-top-column elementor-element elementor-element-8192a0d\" data-id=\"8192a0d\" data-element_type=\"column\">\n\t\t\t<div class=\"elementor-widget-wrap\">\n\t\t\t\t\t\t\t\t\t<\/div>\n\t\t<\/div>\n\t\t\t\t\t\t\t<\/div>\n\t\t<\/section>\n\t\t\t\t<section class=\"elementor-section elementor-top-section elementor-element elementor-element-a335cde elementor-section-boxed elementor-section-height-default elementor-section-height-default\" data-id=\"a335cde\" data-element_type=\"section\">\n\t\t\t\t\t\t<div class=\"elementor-container elementor-column-gap-default\">\n\t\t\t\t\t<div class=\"elementor-column elementor-col-33 elementor-top-column elementor-element elementor-element-0cd4e2e\" data-id=\"0cd4e2e\" data-element_type=\"column\">\n\t\t\t<div class=\"elementor-widget-wrap elementor-element-populated\">\n\t\t\t\t\t\t\t\t<div class=\"elementor-element elementor-element-94d47b5 elementor-widget elementor-widget-image\" data-id=\"94d47b5\" data-element_type=\"widget\" data-widget_type=\"image.default\">\n\t\t\t\t<div class=\"elementor-widget-container\">\n\t\t\t\t\t\t\t\t\t\t\t\t\t\t\t<img loading=\"lazy\" decoding=\"async\" width=\"1024\" height=\"768\" src=\"https:\/\/comiteoisett.fr\/wp-content\/uploads\/2025\/09\/2025-08-AG-5-1024x768.jpg\" class=\"attachment-large size-large\" alt=\"\" srcset=\"https:\/\/comiteoisett.fr\/wp-content\/uploads\/2025\/09\/2025-08-AG-5-1024x768.jpg 1024w, https:\/\/comiteoisett.fr\/wp-content\/uploads\/2025\/09\/2025-08-AG-5-300x225.jpg 300w, https:\/\/comiteoisett.fr\/wp-content\/uploads\/2025\/09\/2025-08-AG-5-768x576.jpg 768w, https:\/\/comiteoisett.fr\/wp-content\/uploads\/2025\/09\/2025-08-AG-5-1536x1152.jpg 1536w, https:\/\/comiteoisett.fr\/wp-content\/uploads\/2025\/09\/2025-08-AG-5.jpg 2048w\" sizes=\"auto, (max-width: 1024px) 100vw, 1024px\" \/>\t\t\t\t\t\t\t\t\t\t\t\t\t\t\t<\/div>\n\t\t\t\t<\/div>\n\t\t\t\t\t<\/div>\n\t\t<\/div>\n\t\t\t\t<div class=\"elementor-column elementor-col-33 elementor-top-column elementor-element elementor-element-4f18687\" data-id=\"4f18687\" data-element_type=\"column\">\n\t\t\t<div class=\"elementor-widget-wrap elementor-element-populated\">\n\t\t\t\t\t\t\t\t<div class=\"elementor-element elementor-element-58be7f1 elementor-widget elementor-widget-image\" data-id=\"58be7f1\" data-element_type=\"widget\" data-widget_type=\"image.default\">\n\t\t\t\t<div class=\"elementor-widget-container\">\n\t\t\t\t\t\t\t\t\t\t\t\t\t\t\t<img loading=\"lazy\" decoding=\"async\" width=\"1024\" height=\"768\" src=\"https:\/\/comiteoisett.fr\/wp-content\/uploads\/2025\/09\/2025-08-AG-3-1024x768.jpg\" class=\"attachment-large size-large\" alt=\"\" srcset=\"https:\/\/comiteoisett.fr\/wp-content\/uploads\/2025\/09\/2025-08-AG-3-1024x768.jpg 1024w, https:\/\/comiteoisett.fr\/wp-content\/uploads\/2025\/09\/2025-08-AG-3-300x225.jpg 300w, https:\/\/comiteoisett.fr\/wp-content\/uploads\/2025\/09\/2025-08-AG-3-768x576.jpg 768w, https:\/\/comiteoisett.fr\/wp-content\/uploads\/2025\/09\/2025-08-AG-3-1536x1152.jpg 1536w, https:\/\/comiteoisett.fr\/wp-content\/uploads\/2025\/09\/2025-08-AG-3.jpg 2048w\" sizes=\"auto, (max-width: 1024px) 100vw, 1024px\" \/>\t\t\t\t\t\t\t\t\t\t\t\t\t\t\t<\/div>\n\t\t\t\t<\/div>\n\t\t\t\t\t<\/div>\n\t\t<\/div>\n\t\t\t\t<div class=\"elementor-column elementor-col-33 elementor-top-column elementor-element elementor-element-af0c233\" data-id=\"af0c233\" data-element_type=\"column\">\n\t\t\t<div class=\"elementor-widget-wrap elementor-element-populated\">\n\t\t\t\t\t\t\t\t<div class=\"elementor-element elementor-element-b5f4653 elementor-widget elementor-widget-image\" data-id=\"b5f4653\" data-element_type=\"widget\" data-widget_type=\"image.default\">\n\t\t\t\t<div class=\"elementor-widget-container\">\n\t\t\t\t\t\t\t\t\t\t\t\t\t\t\t<img loading=\"lazy\" decoding=\"async\" width=\"1024\" height=\"768\" src=\"https:\/\/comiteoisett.fr\/wp-content\/uploads\/2025\/09\/2025-08-AG-4-1024x768.jpg\" class=\"attachment-large size-large\" alt=\"\" srcset=\"https:\/\/comiteoisett.fr\/wp-content\/uploads\/2025\/09\/2025-08-AG-4-1024x768.jpg 1024w, https:\/\/comiteoisett.fr\/wp-content\/uploads\/2025\/09\/2025-08-AG-4-300x225.jpg 300w, https:\/\/comiteoisett.fr\/wp-content\/uploads\/2025\/09\/2025-08-AG-4-768x576.jpg 768w, https:\/\/comiteoisett.fr\/wp-content\/uploads\/2025\/09\/2025-08-AG-4-1536x1152.jpg 1536w, https:\/\/comiteoisett.fr\/wp-content\/uploads\/2025\/09\/2025-08-AG-4-2048x1536.jpg 2048w\" sizes=\"auto, (max-width: 1024px) 100vw, 1024px\" \/>\t\t\t\t\t\t\t\t\t\t\t\t\t\t\t<\/div>\n\t\t\t\t<\/div>\n\t\t\t\t\t<\/div>\n\t\t<\/div>\n\t\t\t\t\t\t\t<\/div>\n\t\t<\/section>\n\t\t\t\t<section class=\"elementor-section elementor-top-section elementor-element elementor-element-62c7c7b elementor-section-boxed elementor-section-height-default elementor-section-height-default\" data-id=\"62c7c7b\" data-element_type=\"section\">\n\t\t\t\t\t\t<div class=\"elementor-container elementor-column-gap-default\">\n\t\t\t\t\t<div class=\"elementor-column elementor-col-100 elementor-top-column elementor-element elementor-element-05ca6cb\" data-id=\"05ca6cb\" data-element_type=\"column\">\n\t\t\t<div class=\"elementor-widget-wrap elementor-element-populated\">\n\t\t\t\t\t\t\t\t<div class=\"elementor-element elementor-element-5b67afe elementor-widget-divider--view-line elementor-widget elementor-widget-divider\" data-id=\"5b67afe\" data-element_type=\"widget\" data-widget_type=\"divider.default\">\n\t\t\t\t<div class=\"elementor-widget-container\">\n\t\t\t\t\t<div class=\"elementor-divider\">\n\t\t\t<span class=\"elementor-divider-separator\">\n\t\t\t\t\t\t<\/span>\n\t\t<\/div>\n\t\t\t\t<\/div>\n\t\t\t\t<\/div>\n\t\t\t\t\t<\/div>\n\t\t<\/div>\n\t\t\t\t\t\t\t<\/div>\n\t\t<\/section>\n\t\t\t\t\t\t\t<\/div>\n\t\t","protected":false},"excerpt":{"rendered":"<p>Assembl\u00e9e G\u00e9n\u00e9rale ordinaire &#8211; Le 30 ao\u00fbt 2025 \u00e0 Clermont \u00a0 PV de l&rsquo;Assembl\u00e9e G\u00e9narale du 30 aout 2025 Rapport d&rsquo;activit\u00e9s de la saison sportive 2024-2025 R\u00e9sultats des Challenges\u00a0 Laur\u00e9ats des Troph\u00e9es Delaruelle<\/p>\n","protected":false},"author":2,"featured_media":0,"parent":0,"menu_order":0,"comment_status":"closed","ping_status":"closed","template":"","meta":{"site-sidebar-layout":"no-sidebar","site-content-layout":"page-builder","ast-global-header-display":"","ast-main-header-display":"","ast-hfb-above-header-display":"","ast-hfb-below-header-display":"","ast-hfb-mobile-header-display":"","site-post-title":"disabled","ast-breadcrumbs-content":"","ast-featured-img":"disabled","footer-sml-layout":"","theme-transparent-header-meta":"","adv-header-id-meta":"","stick-header-meta":"","header-above-stick-meta":"","header-main-stick-meta":"","header-below-stick-meta":"","footnotes":""},"class_list":["post-2649","page","type-page","status-publish","hentry"],"_links":{"self":[{"href":"https:\/\/comiteoisett.fr\/index.php\/wp-json\/wp\/v2\/pages\/2649","targetHints":{"allow":["GET"]}}],"collection":[{"href":"https:\/\/comiteoisett.fr\/index.php\/wp-json\/wp\/v2\/pages"}],"about":[{"href":"https:\/\/comiteoisett.fr\/index.php\/wp-json\/wp\/v2\/types\/page"}],"author":[{"embeddable":true,"href":"https:\/\/comiteoisett.fr\/index.php\/wp-json\/wp\/v2\/users\/2"}],"replies":[{"embeddable":true,"href":"https:\/\/comiteoisett.fr\/index.php\/wp-json\/wp\/v2\/comments?post=2649"}],"version-history":[{"count":302,"href":"https:\/\/comiteoisett.fr\/index.php\/wp-json\/wp\/v2\/pages\/2649\/revisions"}],"predecessor-version":[{"id":16505,"href":"https:\/\/comiteoisett.fr\/index.php\/wp-json\/wp\/v2\/pages\/2649\/revisions\/16505"}],"wp:attachment":[{"href":"https:\/\/comiteoisett.fr\/index.php\/wp-json\/wp\/v2\/media?parent=2649"}],"curies":[{"name":"wp","href":"https:\/\/api.w.org\/{rel}","templated":true}]}}